{"id":1127,"date":"2022-02-02T16:24:12","date_gmt":"2022-02-02T15:24:12","guid":{"rendered":"https:\/\/www.heidi-rose-kutscher.eu\/?page_id=1127"},"modified":"2022-02-08T10:56:54","modified_gmt":"2022-02-08T09:56:54","slug":"piano-frans","status":"publish","type":"page","link":"https:\/\/www.heidi-rose-kutscher.eu\/de\/piano-frans\/","title":{"rendered":"Piano Frans"},"content":{"rendered":"<div data-elementor-type=\"wp-page\" data-elementor-id=\"1127\" class=\"elementor elementor-1127\">\n\t\t\t\t\t\t<section class=\"elementor-section elementor-top-section elementor-element elementor-element-51ed1c8 elementor-section-boxed elementor-section-height-default elementor-section-height-default\" data-id=\"51ed1c8\" data-element_type=\"section\" data-e-type=\"section\">\n\t\t\t\t\t\t<div class=\"elementor-container elementor-column-gap-default\">\n\t\t\t\t\t<div class=\"elementor-column elementor-col-100 elementor-top-column elementor-element elementor-element-b3760f4\" data-id=\"b3760f4\" data-element_type=\"column\" data-e-type=\"column\">\n\t\t\t<div class=\"elementor-widget-wrap elementor-element-populated\">\n\t\t\t\t\t\t<div class=\"elementor-element elementor-element-afd6469 elementor-widget elementor-widget-image\" data-id=\"afd6469\" data-element_type=\"widget\" data-e-type=\"widget\" data-widget_type=\"image.default\">\n\t\t\t\t<div class=\"elementor-widget-container\">\n\t\t\t\t\t\t\t\t\t\t\t\t\t\t\t<img fetchpriority=\"high\" decoding=\"async\" width=\"768\" height=\"432\" src=\"https:\/\/www.heidi-rose-kutscher.eu\/wp-content\/uploads\/2021\/11\/f.eu1_.jwwb_.nl_public_w_d_u_temp-dviqdyxiwbsfmxuethxg_x9y4jq_vleugelpiano-3-768x432.jpg\" class=\"attachment-medium_large size-medium_large wp-image-801\" alt=\"\" srcset=\"https:\/\/www.heidi-rose-kutscher.eu\/wp-content\/uploads\/2021\/11\/f.eu1_.jwwb_.nl_public_w_d_u_temp-dviqdyxiwbsfmxuethxg_x9y4jq_vleugelpiano-3-768x432.jpg 768w, https:\/\/www.heidi-rose-kutscher.eu\/wp-content\/uploads\/2021\/11\/f.eu1_.jwwb_.nl_public_w_d_u_temp-dviqdyxiwbsfmxuethxg_x9y4jq_vleugelpiano-3-300x169.jpg 300w, https:\/\/www.heidi-rose-kutscher.eu\/wp-content\/uploads\/2021\/11\/f.eu1_.jwwb_.nl_public_w_d_u_temp-dviqdyxiwbsfmxuethxg_x9y4jq_vleugelpiano-3-16x9.jpg 16w, https:\/\/www.heidi-rose-kutscher.eu\/wp-content\/uploads\/2021\/11\/f.eu1_.jwwb_.nl_public_w_d_u_temp-dviqdyxiwbsfmxuethxg_x9y4jq_vleugelpiano-3.jpg 800w\" sizes=\"(max-width: 768px) 100vw, 768px\" \/>\t\t\t\t\t\t\t\t\t\t\t\t\t\t\t<\/div>\n\t\t\t\t<\/div>\n\t\t\t\t\t<\/div>\n\t\t<\/div>\n\t\t\t\t\t<\/div>\n\t\t<\/section>\n\t\t\t\t<section class=\"elementor-section elementor-top-section elementor-element elementor-element-08b53b7 elementor-section-boxed elementor-section-height-default elementor-section-height-default\" data-id=\"08b53b7\" data-element_type=\"section\" data-e-type=\"section\">\n\t\t\t\t\t\t<div class=\"elementor-container elementor-column-gap-default\">\n\t\t\t\t\t<div class=\"elementor-column elementor-col-100 elementor-top-column elementor-element elementor-element-80441d2\" data-id=\"80441d2\" data-element_type=\"column\" data-e-type=\"column\">\n\t\t\t<div class=\"elementor-widget-wrap elementor-element-populated\">\n\t\t\t\t\t\t<div class=\"elementor-element elementor-element-38f5f36 elementor-widget elementor-widget-spacer\" data-id=\"38f5f36\" data-element_type=\"widget\" data-e-type=\"widget\" data-widget_type=\"spacer.default\">\n\t\t\t\t<div class=\"elementor-widget-container\">\n\t\t\t\t\t\t\t<div class=\"elementor-spacer\">\n\t\t\t<div class=\"elementor-spacer-inner\"><\/div>\n\t\t<\/div>\n\t\t\t\t\t\t<\/div>\n\t\t\t\t<\/div>\n\t\t\t\t\t<\/div>\n\t\t<\/div>\n\t\t\t\t\t<\/div>\n\t\t<\/section>\n\t\t\t\t<section class=\"elementor-section elementor-top-section elementor-element elementor-element-ba60700 elementor-section-boxed elementor-section-height-default elementor-section-height-default\" data-id=\"ba60700\" data-element_type=\"section\" data-e-type=\"section\">\n\t\t\t\t\t\t<div class=\"elementor-container elementor-column-gap-default\">\n\t\t\t\t\t<div class=\"elementor-column elementor-col-100 elementor-top-column elementor-element elementor-element-01f29f0\" data-id=\"01f29f0\" data-element_type=\"column\" data-e-type=\"column\">\n\t\t\t<div class=\"elementor-widget-wrap elementor-element-populated\">\n\t\t\t\t\t\t<div class=\"elementor-element elementor-element-eb7f4ca elementor-widget elementor-widget-heading\" data-id=\"eb7f4ca\" data-element_type=\"widget\" data-e-type=\"widget\" data-widget_type=\"heading.default\">\n\t\t\t\t<div class=\"elementor-widget-container\">\n\t\t\t\t\t<h2 class=\"elementor-heading-title elementor-size-default\">Grand Piano<\/h2>\t\t\t\t<\/div>\n\t\t\t\t<\/div>\n\t\t\t\t\t<\/div>\n\t\t<\/div>\n\t\t\t\t\t<\/div>\n\t\t<\/section>\n\t\t\t\t<section class=\"elementor-section elementor-top-section elementor-element elementor-element-9864dae elementor-section-boxed elementor-section-height-default elementor-section-height-default\" data-id=\"9864dae\" data-element_type=\"section\" data-e-type=\"section\">\n\t\t\t\t\t\t<div class=\"elementor-container elementor-column-gap-default\">\n\t\t\t\t\t<div class=\"elementor-column elementor-col-100 elementor-top-column elementor-element elementor-element-f8f1cd1\" data-id=\"f8f1cd1\" data-element_type=\"column\" data-e-type=\"column\">\n\t\t\t<div class=\"elementor-widget-wrap elementor-element-populated\">\n\t\t\t\t\t\t<div class=\"elementor-element elementor-element-c4e1214 elementor-widget elementor-widget-spacer\" data-id=\"c4e1214\" data-element_type=\"widget\" data-e-type=\"widget\" data-widget_type=\"spacer.default\">\n\t\t\t\t<div class=\"elementor-widget-container\">\n\t\t\t\t\t\t\t<div class=\"elementor-spacer\">\n\t\t\t<div class=\"elementor-spacer-inner\"><\/div>\n\t\t<\/div>\n\t\t\t\t\t\t<\/div>\n\t\t\t\t<\/div>\n\t\t\t\t\t<\/div>\n\t\t<\/div>\n\t\t\t\t\t<\/div>\n\t\t<\/section>\n\t\t\t\t<section class=\"elementor-section elementor-top-section elementor-element elementor-element-15f47b6 elementor-section-boxed elementor-section-height-default elementor-section-height-default\" data-id=\"15f47b6\" data-element_type=\"section\" data-e-type=\"section\">\n\t\t\t\t\t\t<div class=\"elementor-container elementor-column-gap-default\">\n\t\t\t\t\t<div class=\"elementor-column elementor-col-100 elementor-top-column elementor-element elementor-element-1aaa140\" data-id=\"1aaa140\" data-element_type=\"column\" data-e-type=\"column\">\n\t\t\t<div class=\"elementor-widget-wrap elementor-element-populated\">\n\t\t\t\t\t\t<div class=\"elementor-element elementor-element-4b3b408 elementor-widget elementor-widget-text-editor\" data-id=\"4b3b408\" data-element_type=\"widget\" data-e-type=\"widget\" data-widget_type=\"text-editor.default\">\n\t\t\t\t<div class=\"elementor-widget-container\">\n\t\t\t\t\t\t\t\t\t<p>Chez elle, Heidi-Rose Kutscher poss\u00e8de un beau grand piano \u00e0 queue de 1,85 m\u00e8tre, qu&#8217;elle joue et \u00e9tudie tous les jours.<\/p><p>Le r\u00e9pertoire est \u00e9norme au piano avec lequel elle peut cr\u00e9er un programme complet du soir.<\/p><p>M\u00eame les num\u00e9ros de demande ne lui posent aucun probl\u00e8me, \u00e0 condition qu&#8217;elle les connaisse quelques jours \u00e0 l&#8217;avance afin de pouvoir les \u00e9tudier.<\/p><p>Elle est \u00e9galement dispos\u00e9e \u00e0 jouer les num\u00e9ros demand\u00e9s sur place, mais bien s\u00fbr, elle ne peut pas conna\u00eetre chaque chanson par m\u00e9lodie.<\/p><p>\u00a0<\/p><p>\u00a0<\/p>\t\t\t\t\t\t\t\t<\/div>\n\t\t\t\t<\/div>\n\t\t\t\t\t<\/div>\n\t\t<\/div>\n\t\t\t\t\t<\/div>\n\t\t<\/section>\n\t\t\t\t<section class=\"elementor-section elementor-top-section elementor-element elementor-element-259d8ce elementor-section-boxed elementor-section-height-default elementor-section-height-default\" data-id=\"259d8ce\" data-element_type=\"section\" data-e-type=\"section\">\n\t\t\t\t\t\t<div class=\"elementor-container elementor-column-gap-default\">\n\t\t\t\t\t<div class=\"elementor-column elementor-col-100 elementor-top-column elementor-element elementor-element-1c5f1ce\" data-id=\"1c5f1ce\" data-element_type=\"column\" data-e-type=\"column\">\n\t\t\t<div class=\"elementor-widget-wrap elementor-element-populated\">\n\t\t\t\t\t\t<div class=\"elementor-element elementor-element-458842f elementor-widget elementor-widget-spacer\" data-id=\"458842f\" data-element_type=\"widget\" data-e-type=\"widget\" data-widget_type=\"spacer.default\">\n\t\t\t\t<div class=\"elementor-widget-container\">\n\t\t\t\t\t\t\t<div class=\"elementor-spacer\">\n\t\t\t<div class=\"elementor-spacer-inner\"><\/div>\n\t\t<\/div>\n\t\t\t\t\t\t<\/div>\n\t\t\t\t<\/div>\n\t\t\t\t\t<\/div>\n\t\t<\/div>\n\t\t\t\t\t<\/div>\n\t\t<\/section>\n\t\t\t\t<\/div>","protected":false},"excerpt":{"rendered":"<p>Grand Piano Chez elle, Heidi-Rose Kutscher poss\u00e8de un beau grand piano \u00e0 queue de 1,85 m\u00e8tre, qu&#8217;elle joue et \u00e9tudie tous les jours. Le r\u00e9pertoire est \u00e9norme au piano avec lequel elle peut cr\u00e9er un programme complet du soir. M\u00eame les num\u00e9ros de demande ne lui posent aucun probl\u00e8me, \u00e0 condition qu&#8217;elle les connaisse quelques [&hellip;]<\/p>\n","protected":false},"author":12,"featured_media":0,"parent":0,"menu_order":0,"comment_status":"closed","ping_status":"closed","template":"","meta":{"site-sidebar-layout":"no-sidebar","site-content-layout":"page-builder","ast-site-content-layout":"default","site-content-style":"default","site-sidebar-style":"default","ast-global-header-display":"","ast-banner-title-visibility":"","ast-main-header-display":"","ast-hfb-above-header-display":"","ast-hfb-below-header-display":"","ast-hfb-mobile-header-display":"","site-post-title":"disabled","ast-breadcrumbs-content":"","ast-featured-img":"disabled","footer-sml-layout":"","ast-disable-related-posts":"","theme-transparent-header-meta":"","adv-header-id-meta":"","stick-header-meta":"","header-above-stick-meta":"","header-main-stick-meta":"","header-below-stick-meta":"","astra-migrate-meta-layouts":"default","ast-page-background-enabled":"default","ast-page-background-meta":{"desktop":{"background-color":"","background-image":"","background-repeat":"repeat","background-position":"center center","background-size":"auto","background-attachment":"scroll","background-type":"","background-media":"","overlay-type":"","overlay-color":"","overlay-opacity":"","overlay-gradient":""},"tablet":{"background-color":"","background-image":"","background-repeat":"repeat","background-position":"center center","background-size":"auto","background-attachment":"scroll","background-type":"","background-media":"","overlay-type":"","overlay-color":"","overlay-opacity":"","overlay-gradient":""},"mobile":{"background-color":"","background-image":"","background-repeat":"repeat","background-position":"center center","background-size":"auto","background-attachment":"scroll","background-type":"","background-media":"","overlay-type":"","overlay-color":"","overlay-opacity":"","overlay-gradient":""}},"ast-content-background-meta":{"desktop":{"background-color":"var(--ast-global-color-5)","background-image":"","background-repeat":"repeat","background-position":"center center","background-size":"auto","background-attachment":"scroll","background-type":"","background-media":"","overlay-type":"","overlay-color":"","overlay-opacity":"","overlay-gradient":""},"tablet":{"background-color":"var(--ast-global-color-5)","background-image":"","background-repeat":"repeat","background-position":"center center","background-size":"auto","background-attachment":"scroll","background-type":"","background-media":"","overlay-type":"","overlay-color":"","overlay-opacity":"","overlay-gradient":""},"mobile":{"background-color":"var(--ast-global-color-5)","background-image":"","background-repeat":"repeat","background-position":"center center","background-size":"auto","background-attachment":"scroll","background-type":"","background-media":"","overlay-type":"","overlay-color":"","overlay-opacity":"","overlay-gradient":""}},"footnotes":""},"class_list":["post-1127","page","type-page","status-publish","hentry"],"_links":{"self":[{"href":"https:\/\/www.heidi-rose-kutscher.eu\/de\/wp-json\/wp\/v2\/pages\/1127","targetHints":{"allow":["GET"]}}],"collection":[{"href":"https:\/\/www.heidi-rose-kutscher.eu\/de\/wp-json\/wp\/v2\/pages"}],"about":[{"href":"https:\/\/www.heidi-rose-kutscher.eu\/de\/wp-json\/wp\/v2\/types\/page"}],"author":[{"embeddable":true,"href":"https:\/\/www.heidi-rose-kutscher.eu\/de\/wp-json\/wp\/v2\/users\/12"}],"replies":[{"embeddable":true,"href":"https:\/\/www.heidi-rose-kutscher.eu\/de\/wp-json\/wp\/v2\/comments?post=1127"}],"version-history":[{"count":10,"href":"https:\/\/www.heidi-rose-kutscher.eu\/de\/wp-json\/wp\/v2\/pages\/1127\/revisions"}],"predecessor-version":[{"id":1490,"href":"https:\/\/www.heidi-rose-kutscher.eu\/de\/wp-json\/wp\/v2\/pages\/1127\/revisions\/1490"}],"wp:attachment":[{"href":"https:\/\/www.heidi-rose-kutscher.eu\/de\/wp-json\/wp\/v2\/media?parent=1127"}],"curies":[{"name":"wp","href":"https:\/\/api.w.org\/{rel}","templated":true}]}}