{"id":1265,"date":"2022-02-03T14:30:53","date_gmt":"2022-02-03T13:30:53","guid":{"rendered":"https:\/\/www.heidi-rose-kutscher.eu\/?page_id=1265"},"modified":"2022-02-08T10:46:09","modified_gmt":"2022-02-08T09:46:09","slug":"harmonika-frans","status":"publish","type":"page","link":"https:\/\/www.heidi-rose-kutscher.eu\/de\/harmonika-frans\/","title":{"rendered":"Harmonika Frans"},"content":{"rendered":"<div data-elementor-type=\"wp-page\" data-elementor-id=\"1265\" class=\"elementor elementor-1265\">\n\t\t\t\t\t\t<section class=\"elementor-section elementor-top-section elementor-element elementor-element-3385e19 elementor-section-boxed elementor-section-height-default elementor-section-height-default\" data-id=\"3385e19\" data-element_type=\"section\" data-e-type=\"section\">\n\t\t\t\t\t\t<div class=\"elementor-container elementor-column-gap-default\">\n\t\t\t\t\t<div class=\"elementor-column elementor-col-100 elementor-top-column elementor-element elementor-element-1032f88\" data-id=\"1032f88\" data-element_type=\"column\" data-e-type=\"column\">\n\t\t\t<div class=\"elementor-widget-wrap elementor-element-populated\">\n\t\t\t\t\t\t<div class=\"elementor-element elementor-element-979dcd6 elementor-widget elementor-widget-image\" data-id=\"979dcd6\" data-element_type=\"widget\" data-e-type=\"widget\" data-widget_type=\"image.default\">\n\t\t\t\t<div class=\"elementor-widget-container\">\n\t\t\t\t\t\t\t\t\t\t\t\t\t\t\t<img fetchpriority=\"high\" decoding=\"async\" width=\"499\" height=\"499\" src=\"https:\/\/www.heidi-rose-kutscher.eu\/wp-content\/uploads\/2022\/02\/lekkerwijf-heidi.png\" class=\"attachment-medium_large size-medium_large wp-image-1007\" alt=\"\" srcset=\"https:\/\/www.heidi-rose-kutscher.eu\/wp-content\/uploads\/2022\/02\/lekkerwijf-heidi.png 499w, https:\/\/www.heidi-rose-kutscher.eu\/wp-content\/uploads\/2022\/02\/lekkerwijf-heidi-300x300.png 300w, https:\/\/www.heidi-rose-kutscher.eu\/wp-content\/uploads\/2022\/02\/lekkerwijf-heidi-150x150.png 150w, https:\/\/www.heidi-rose-kutscher.eu\/wp-content\/uploads\/2022\/02\/lekkerwijf-heidi-12x12.png 12w\" sizes=\"(max-width: 499px) 100vw, 499px\" \/>\t\t\t\t\t\t\t\t\t\t\t\t\t\t\t<\/div>\n\t\t\t\t<\/div>\n\t\t\t\t\t<\/div>\n\t\t<\/div>\n\t\t\t\t\t<\/div>\n\t\t<\/section>\n\t\t\t\t<section class=\"elementor-section elementor-top-section elementor-element elementor-element-25b1dd9 elementor-section-boxed elementor-section-height-default elementor-section-height-default\" data-id=\"25b1dd9\" data-element_type=\"section\" data-e-type=\"section\">\n\t\t\t\t\t\t<div class=\"elementor-container elementor-column-gap-default\">\n\t\t\t\t\t<div class=\"elementor-column elementor-col-100 elementor-top-column elementor-element elementor-element-8417255\" data-id=\"8417255\" data-element_type=\"column\" data-e-type=\"column\">\n\t\t\t<div class=\"elementor-widget-wrap elementor-element-populated\">\n\t\t\t\t\t\t<div class=\"elementor-element elementor-element-7483f9a elementor-widget elementor-widget-heading\" data-id=\"7483f9a\" data-element_type=\"widget\" data-e-type=\"widget\" data-widget_type=\"heading.default\">\n\t\t\t\t<div class=\"elementor-widget-container\">\n\t\t\t\t\t<h2 class=\"elementor-heading-title elementor-size-default\">Steirische Harmonika<\/h2>\t\t\t\t<\/div>\n\t\t\t\t<\/div>\n\t\t\t\t\t<\/div>\n\t\t<\/div>\n\t\t\t\t\t<\/div>\n\t\t<\/section>\n\t\t\t\t<section class=\"elementor-section elementor-top-section elementor-element elementor-element-0c0197f elementor-section-boxed elementor-section-height-default elementor-section-height-default\" data-id=\"0c0197f\" data-element_type=\"section\" data-e-type=\"section\">\n\t\t\t\t\t\t<div class=\"elementor-container elementor-column-gap-default\">\n\t\t\t\t\t<div class=\"elementor-column elementor-col-100 elementor-top-column elementor-element elementor-element-408b467\" data-id=\"408b467\" data-element_type=\"column\" data-e-type=\"column\">\n\t\t\t<div class=\"elementor-widget-wrap elementor-element-populated\">\n\t\t\t\t\t\t<div class=\"elementor-element elementor-element-d7b18f3 elementor-widget elementor-widget-spacer\" data-id=\"d7b18f3\" data-element_type=\"widget\" data-e-type=\"widget\" data-widget_type=\"spacer.default\">\n\t\t\t\t<div class=\"elementor-widget-container\">\n\t\t\t\t\t\t\t<div class=\"elementor-spacer\">\n\t\t\t<div class=\"elementor-spacer-inner\"><\/div>\n\t\t<\/div>\n\t\t\t\t\t\t<\/div>\n\t\t\t\t<\/div>\n\t\t\t\t\t<\/div>\n\t\t<\/div>\n\t\t\t\t\t<\/div>\n\t\t<\/section>\n\t\t\t\t<section class=\"elementor-section elementor-top-section elementor-element elementor-element-8fa6a43 elementor-section-boxed elementor-section-height-default elementor-section-height-default\" data-id=\"8fa6a43\" data-element_type=\"section\" data-e-type=\"section\">\n\t\t\t\t\t\t<div class=\"elementor-container elementor-column-gap-default\">\n\t\t\t\t\t<div class=\"elementor-column elementor-col-100 elementor-top-column elementor-element elementor-element-72f5865\" data-id=\"72f5865\" data-element_type=\"column\" data-e-type=\"column\">\n\t\t\t<div class=\"elementor-widget-wrap elementor-element-populated\">\n\t\t\t\t\t\t<div class=\"elementor-element elementor-element-1fb8ffc elementor-widget elementor-widget-wp-widget-media_audio\" data-id=\"1fb8ffc\" data-element_type=\"widget\" data-e-type=\"widget\" data-widget_type=\"wp-widget-media_audio.default\">\n\t\t\t\t<div class=\"elementor-widget-container\">\n\t\t\t\t\t<h5>Die sterne am himmel<\/h5><audio class=\"wp-audio-shortcode\" id=\"audio-1265-1\" preload=\"none\" style=\"width: 100%;\" controls=\"controls\"><source type=\"audio\/mpeg\" src=\"https:\/\/www.heidi-rose-kutscher.eu\/wp-content\/uploads\/2022\/02\/Die-sterne-am-Himmel.mp3?_=1\" \/><source type=\"audio\/mpeg\" src=\"https:\/\/www.heidi-rose-kutscher.eu\/wp-content\/uploads\/2022\/02\/Die-sterne-am-Himmel.mp3?_=1\" \/><a href=\"https:\/\/www.heidi-rose-kutscher.eu\/wp-content\/uploads\/2022\/02\/Die-sterne-am-Himmel.mp3\">https:\/\/www.heidi-rose-kutscher.eu\/wp-content\/uploads\/2022\/02\/Die-sterne-am-Himmel.mp3<\/a><\/audio>\t\t\t\t<\/div>\n\t\t\t\t<\/div>\n\t\t\t\t\t<\/div>\n\t\t<\/div>\n\t\t\t\t\t<\/div>\n\t\t<\/section>\n\t\t\t\t<section class=\"elementor-section elementor-top-section elementor-element elementor-element-ef6aa0b elementor-section-boxed elementor-section-height-default elementor-section-height-default\" data-id=\"ef6aa0b\" data-element_type=\"section\" data-e-type=\"section\">\n\t\t\t\t\t\t<div class=\"elementor-container elementor-column-gap-default\">\n\t\t\t\t\t<div class=\"elementor-column elementor-col-100 elementor-top-column elementor-element elementor-element-e96b911\" data-id=\"e96b911\" data-element_type=\"column\" data-e-type=\"column\">\n\t\t\t<div class=\"elementor-widget-wrap elementor-element-populated\">\n\t\t\t\t\t\t<div class=\"elementor-element elementor-element-6e852ad elementor-widget elementor-widget-spacer\" data-id=\"6e852ad\" data-element_type=\"widget\" data-e-type=\"widget\" data-widget_type=\"spacer.default\">\n\t\t\t\t<div class=\"elementor-widget-container\">\n\t\t\t\t\t\t\t<div class=\"elementor-spacer\">\n\t\t\t<div class=\"elementor-spacer-inner\"><\/div>\n\t\t<\/div>\n\t\t\t\t\t\t<\/div>\n\t\t\t\t<\/div>\n\t\t\t\t\t<\/div>\n\t\t<\/div>\n\t\t\t\t\t<\/div>\n\t\t<\/section>\n\t\t\t\t<section class=\"elementor-section elementor-top-section elementor-element elementor-element-3c610d7 elementor-section-boxed elementor-section-height-default elementor-section-height-default\" data-id=\"3c610d7\" data-element_type=\"section\" data-e-type=\"section\">\n\t\t\t\t\t\t<div class=\"elementor-container elementor-column-gap-default\">\n\t\t\t\t\t<div class=\"elementor-column elementor-col-100 elementor-top-column elementor-element elementor-element-000934a\" data-id=\"000934a\" data-element_type=\"column\" data-e-type=\"column\">\n\t\t\t<div class=\"elementor-widget-wrap elementor-element-populated\">\n\t\t\t\t\t\t<div class=\"elementor-element elementor-element-cda977e elementor-widget elementor-widget-text-editor\" data-id=\"cda977e\" data-element_type=\"widget\" data-e-type=\"widget\" data-widget_type=\"text-editor.default\">\n\t\t\t\t<div class=\"elementor-widget-container\">\n\t\t\t\t\t\t\t\t\t<p>Le steirische harmonika est souvent confondu avec un accord\u00e9on, alors que cet instrument n&#8217;est clairement pas un accord\u00e9on, mais est un membre de la famille des sacs \u00e0 tirer qui se compose d&#8217;un grand nombre d&#8217;instruments diff\u00e9rents \u00e0 travers le monde.<\/p><p>Le steirische harmonika jou\u00e9 par Heidi-Rose vient des pays alpins et est un instrument\u00a0diatonique\u00a0(= changement de ton, explication).<\/p><p>Les basses sont\u00a0Heliconbass\u00a0(explication Helicon) qui donnent un son tr\u00e8s sp\u00e9cifique de type tuba qui les rend instantan\u00e9ment reconnaissables.<\/p><p>Diatonique<\/p><p>Alternant = un terme utilis\u00e9 pour indiquer qu&#8217;une touche joue une tonalit\u00e9 diff\u00e9rente lorsque le soufflet se ferme et que le soufflet s&#8217;ouvre.<\/p><p>\u00a0<\/p><p>Cela signifie qu&#8217;il y a 2 tonalit\u00e9s diff\u00e9rentes sous chaque bouton.<br \/>Si vous maintenez une touche enfonc\u00e9e, une tonalit\u00e9 compl\u00e8tement diff\u00e9rente se fera entendre avec un soufflet d&#8217;ouverture qu&#8217;avec un soufflet de fermeture.<\/p><p>\u00a0<\/p><p>Quelques exemples:<\/p><p>&#8211; pousser = C (faire) <span style=\"font-family: 'Segoe UI Emoji',sans-serif; mso-bidi-font-family: 'Segoe UI Emoji';\">-&gt;<\/span> tirer = D (re)<\/p><p>&#8211; pousser = E (mi) <span style=\"font-family: 'Segoe UI Emoji',sans-serif; mso-bidi-font-family: 'Segoe UI Emoji';\">-&gt;<\/span> tirer = F (fa)<\/p><p>\u00a0<\/p><p>En cons\u00e9quence, la note G (sol) n&#8217;est pas \u00e0 sa place dans une notation musicale comme o\u00f9 se trouve normalement un G (sol).<\/p><p>C&#8217;est pourquoi il n&#8217;y a PAS de cl\u00e9 comme signe sur le personnel.<\/p><p>Dans la notation d&#8217;un accord\u00e9on styrien, le G (sol) est not\u00e9 sur la place d&#8217;un B (si).<\/p><p>\u00a0<\/p><p>La notation musicale d&#8217;un accord\u00e9on styrien s&#8217;appelle officiellement: Griffschrift.<\/p><p>En fran\u00e7ais: script poign\u00e9es.<\/p><p>Helicon (instrument de musique)<\/p><p>(Wikip\u00e9dia)<\/p><p>L&#8217;Helicon est un instrument \u00e0 cuivres de la famille des tubas. Un h\u00e9licon est \u00e9troitement li\u00e9 au sousaphone mais n&#8217;a pas la coupe tourn\u00e9e vers l&#8217;avant et n&#8217;a pas la construction en col de cygne pour l&#8217;embout buccal. La plupart des instruments sont accord\u00e9s en si b\u00e9mol, dans une moindre mesure en mi b\u00e9mol ou en F. Comme le sousaphone, l&#8217;instrument est port\u00e9 sur l&#8217;\u00e9paule avec la t\u00eate maintenue par les enroulements de l&#8217;instrument.<\/p><p>Le r\u00f4le de l&#8217;instrument a \u00e9t\u00e9 largement repris par le sousaphone, mais il est encore largement utilis\u00e9 en Europe centrale et orientale.<\/p><p>Le steirische harmonika est souvent appel\u00e9 wiener ou steirka.<\/p><p>Heidi-Rose appelle souvent son instrument wiener.<\/p><p>\u00a0<\/p><p>\u00a0<\/p>\t\t\t\t\t\t\t\t<\/div>\n\t\t\t\t<\/div>\n\t\t\t\t\t<\/div>\n\t\t<\/div>\n\t\t\t\t\t<\/div>\n\t\t<\/section>\n\t\t\t\t<section class=\"elementor-section elementor-top-section elementor-element elementor-element-f8c1486 elementor-section-boxed elementor-section-height-default elementor-section-height-default\" data-id=\"f8c1486\" data-element_type=\"section\" data-e-type=\"section\">\n\t\t\t\t\t\t<div class=\"elementor-container elementor-column-gap-default\">\n\t\t\t\t\t<div class=\"elementor-column elementor-col-100 elementor-top-column elementor-element elementor-element-bb7a711\" data-id=\"bb7a711\" data-element_type=\"column\" data-e-type=\"column\">\n\t\t\t<div class=\"elementor-widget-wrap elementor-element-populated\">\n\t\t\t\t\t\t<div class=\"elementor-element elementor-element-4e64ce1 elementor-widget elementor-widget-spacer\" data-id=\"4e64ce1\" data-element_type=\"widget\" data-e-type=\"widget\" data-widget_type=\"spacer.default\">\n\t\t\t\t<div class=\"elementor-widget-container\">\n\t\t\t\t\t\t\t<div class=\"elementor-spacer\">\n\t\t\t<div class=\"elementor-spacer-inner\"><\/div>\n\t\t<\/div>\n\t\t\t\t\t\t<\/div>\n\t\t\t\t<\/div>\n\t\t\t\t\t<\/div>\n\t\t<\/div>\n\t\t\t\t\t<\/div>\n\t\t<\/section>\n\t\t\t\t<\/div>","protected":false},"excerpt":{"rendered":"<p>Steirische Harmonika Le steirische harmonika est souvent confondu avec un accord\u00e9on, alors que cet instrument n&#8217;est clairement pas un accord\u00e9on, mais est un membre de la famille des sacs \u00e0 tirer qui se compose d&#8217;un grand nombre d&#8217;instruments diff\u00e9rents \u00e0 travers le monde. Le steirische harmonika jou\u00e9 par Heidi-Rose vient des pays alpins et est [&hellip;]<\/p>\n","protected":false},"author":12,"featured_media":0,"parent":0,"menu_order":0,"comment_status":"closed","ping_status":"closed","template":"","meta":{"site-sidebar-layout":"no-sidebar","site-content-layout":"page-builder","ast-site-content-layout":"default","site-content-style":"default","site-sidebar-style":"default","ast-global-header-display":"","ast-banner-title-visibility":"","ast-main-header-display":"","ast-hfb-above-header-display":"","ast-hfb-below-header-display":"","ast-hfb-mobile-header-display":"","site-post-title":"disabled","ast-breadcrumbs-content":"","ast-featured-img":"disabled","footer-sml-layout":"","ast-disable-related-posts":"","theme-transparent-header-meta":"","adv-header-id-meta":"","stick-header-meta":"","header-above-stick-meta":"","header-main-stick-meta":"","header-below-stick-meta":"","astra-migrate-meta-layouts":"default","ast-page-background-enabled":"default","ast-page-background-meta":{"desktop":{"background-color":"","background-image":"","background-repeat":"repeat","background-position":"center center","background-size":"auto","background-attachment":"scroll","background-type":"","background-media":"","overlay-type":"","overlay-color":"","overlay-opacity":"","overlay-gradient":""},"tablet":{"background-color":"","background-image":"","background-repeat":"repeat","background-position":"center center","background-size":"auto","background-attachment":"scroll","background-type":"","background-media":"","overlay-type":"","overlay-color":"","overlay-opacity":"","overlay-gradient":""},"mobile":{"background-color":"","background-image":"","background-repeat":"repeat","background-position":"center center","background-size":"auto","background-attachment":"scroll","background-type":"","background-media":"","overlay-type":"","overlay-color":"","overlay-opacity":"","overlay-gradient":""}},"ast-content-background-meta":{"desktop":{"background-color":"var(--ast-global-color-5)","background-image":"","background-repeat":"repeat","background-position":"center center","background-size":"auto","background-attachment":"scroll","background-type":"","background-media":"","overlay-type":"","overlay-color":"","overlay-opacity":"","overlay-gradient":""},"tablet":{"background-color":"var(--ast-global-color-5)","background-image":"","background-repeat":"repeat","background-position":"center center","background-size":"auto","background-attachment":"scroll","background-type":"","background-media":"","overlay-type":"","overlay-color":"","overlay-opacity":"","overlay-gradient":""},"mobile":{"background-color":"var(--ast-global-color-5)","background-image":"","background-repeat":"repeat","background-position":"center center","background-size":"auto","background-attachment":"scroll","background-type":"","background-media":"","overlay-type":"","overlay-color":"","overlay-opacity":"","overlay-gradient":""}},"footnotes":""},"class_list":["post-1265","page","type-page","status-publish","hentry"],"_links":{"self":[{"href":"https:\/\/www.heidi-rose-kutscher.eu\/de\/wp-json\/wp\/v2\/pages\/1265","targetHints":{"allow":["GET"]}}],"collection":[{"href":"https:\/\/www.heidi-rose-kutscher.eu\/de\/wp-json\/wp\/v2\/pages"}],"about":[{"href":"https:\/\/www.heidi-rose-kutscher.eu\/de\/wp-json\/wp\/v2\/types\/page"}],"author":[{"embeddable":true,"href":"https:\/\/www.heidi-rose-kutscher.eu\/de\/wp-json\/wp\/v2\/users\/12"}],"replies":[{"embeddable":true,"href":"https:\/\/www.heidi-rose-kutscher.eu\/de\/wp-json\/wp\/v2\/comments?post=1265"}],"version-history":[{"count":7,"href":"https:\/\/www.heidi-rose-kutscher.eu\/de\/wp-json\/wp\/v2\/pages\/1265\/revisions"}],"predecessor-version":[{"id":1457,"href":"https:\/\/www.heidi-rose-kutscher.eu\/de\/wp-json\/wp\/v2\/pages\/1265\/revisions\/1457"}],"wp:attachment":[{"href":"https:\/\/www.heidi-rose-kutscher.eu\/de\/wp-json\/wp\/v2\/media?parent=1265"}],"curies":[{"name":"wp","href":"https:\/\/api.w.org\/{rel}","templated":true}]}}