{"id":1123,"date":"2022-02-02T16:22:38","date_gmt":"2022-02-02T15:22:38","guid":{"rendered":"https:\/\/www.heidi-rose-kutscher.eu\/?page_id=1123"},"modified":"2025-04-20T23:07:11","modified_gmt":"2025-04-20T22:07:11","slug":"piano-italiaans","status":"publish","type":"page","link":"https:\/\/www.heidi-rose-kutscher.eu\/en\/piano-italiaans\/","title":{"rendered":"Piano Italiaans"},"content":{"rendered":"<div data-elementor-type=\"wp-page\" data-elementor-id=\"1123\" class=\"elementor elementor-1123\">\n\t\t\t\t\t\t<section class=\"elementor-section elementor-top-section elementor-element elementor-element-a6e497f elementor-section-boxed elementor-section-height-default elementor-section-height-default\" data-id=\"a6e497f\" data-element_type=\"section\" data-e-type=\"section\">\n\t\t\t\t\t\t<div class=\"elementor-container elementor-column-gap-default\">\n\t\t\t\t\t<div class=\"elementor-column elementor-col-100 elementor-top-column elementor-element elementor-element-72fac4c\" data-id=\"72fac4c\" data-element_type=\"column\" data-e-type=\"column\">\n\t\t\t<div class=\"elementor-widget-wrap elementor-element-populated\">\n\t\t\t\t\t\t<div class=\"elementor-element elementor-element-a94700f elementor-widget elementor-widget-image\" data-id=\"a94700f\" data-element_type=\"widget\" data-e-type=\"widget\" data-widget_type=\"image.default\">\n\t\t\t\t<div class=\"elementor-widget-container\">\n\t\t\t\t\t\t\t\t\t\t\t\t\t\t\t<img fetchpriority=\"high\" decoding=\"async\" width=\"768\" height=\"432\" src=\"https:\/\/www.heidi-rose-kutscher.eu\/wp-content\/uploads\/2021\/11\/f.eu1_.jwwb_.nl_public_w_d_u_temp-dviqdyxiwbsfmxuethxg_x9y4jq_vleugelpiano-3-768x432.jpg\" class=\"attachment-medium_large size-medium_large wp-image-801\" alt=\"\" srcset=\"https:\/\/www.heidi-rose-kutscher.eu\/wp-content\/uploads\/2021\/11\/f.eu1_.jwwb_.nl_public_w_d_u_temp-dviqdyxiwbsfmxuethxg_x9y4jq_vleugelpiano-3-768x432.jpg 768w, https:\/\/www.heidi-rose-kutscher.eu\/wp-content\/uploads\/2021\/11\/f.eu1_.jwwb_.nl_public_w_d_u_temp-dviqdyxiwbsfmxuethxg_x9y4jq_vleugelpiano-3-300x169.jpg 300w, https:\/\/www.heidi-rose-kutscher.eu\/wp-content\/uploads\/2021\/11\/f.eu1_.jwwb_.nl_public_w_d_u_temp-dviqdyxiwbsfmxuethxg_x9y4jq_vleugelpiano-3-16x9.jpg 16w, https:\/\/www.heidi-rose-kutscher.eu\/wp-content\/uploads\/2021\/11\/f.eu1_.jwwb_.nl_public_w_d_u_temp-dviqdyxiwbsfmxuethxg_x9y4jq_vleugelpiano-3.jpg 800w\" sizes=\"(max-width: 768px) 100vw, 768px\" \/>\t\t\t\t\t\t\t\t\t\t\t\t\t\t\t<\/div>\n\t\t\t\t<\/div>\n\t\t\t\t\t<\/div>\n\t\t<\/div>\n\t\t\t\t\t<\/div>\n\t\t<\/section>\n\t\t\t\t<section class=\"elementor-section elementor-top-section elementor-element elementor-element-f99cb4a elementor-section-boxed elementor-section-height-default elementor-section-height-default\" data-id=\"f99cb4a\" data-element_type=\"section\" data-e-type=\"section\">\n\t\t\t\t\t\t<div class=\"elementor-container elementor-column-gap-default\">\n\t\t\t\t\t<div class=\"elementor-column elementor-col-100 elementor-top-column elementor-element elementor-element-200585c\" data-id=\"200585c\" data-element_type=\"column\" data-e-type=\"column\">\n\t\t\t<div class=\"elementor-widget-wrap elementor-element-populated\">\n\t\t\t\t\t\t<div class=\"elementor-element elementor-element-0c2c33a elementor-widget elementor-widget-spacer\" data-id=\"0c2c33a\" data-element_type=\"widget\" data-e-type=\"widget\" data-widget_type=\"spacer.default\">\n\t\t\t\t<div class=\"elementor-widget-container\">\n\t\t\t\t\t\t\t<div class=\"elementor-spacer\">\n\t\t\t<div class=\"elementor-spacer-inner\"><\/div>\n\t\t<\/div>\n\t\t\t\t\t\t<\/div>\n\t\t\t\t<\/div>\n\t\t\t\t\t<\/div>\n\t\t<\/div>\n\t\t\t\t\t<\/div>\n\t\t<\/section>\n\t\t\t\t<section class=\"elementor-section elementor-top-section elementor-element elementor-element-b5bdbf3 elementor-section-boxed elementor-section-height-default elementor-section-height-default\" data-id=\"b5bdbf3\" data-element_type=\"section\" data-e-type=\"section\">\n\t\t\t\t\t\t<div class=\"elementor-container elementor-column-gap-default\">\n\t\t\t\t\t<div class=\"elementor-column elementor-col-100 elementor-top-column elementor-element elementor-element-6cca09a\" data-id=\"6cca09a\" data-element_type=\"column\" data-e-type=\"column\">\n\t\t\t<div class=\"elementor-widget-wrap elementor-element-populated\">\n\t\t\t\t\t\t<div class=\"elementor-element elementor-element-3c9bd3c elementor-widget elementor-widget-heading\" data-id=\"3c9bd3c\" data-element_type=\"widget\" data-e-type=\"widget\" data-widget_type=\"heading.default\">\n\t\t\t\t<div class=\"elementor-widget-container\">\n\t\t\t\t\t<h2 class=\"elementor-heading-title elementor-size-default\">Pianoforte a coda<\/h2>\t\t\t\t<\/div>\n\t\t\t\t<\/div>\n\t\t\t\t\t<\/div>\n\t\t<\/div>\n\t\t\t\t\t<\/div>\n\t\t<\/section>\n\t\t\t\t<section class=\"elementor-section elementor-top-section elementor-element elementor-element-8b4f89b elementor-section-boxed elementor-section-height-default elementor-section-height-default\" data-id=\"8b4f89b\" data-element_type=\"section\" data-e-type=\"section\">\n\t\t\t\t\t\t<div class=\"elementor-container elementor-column-gap-default\">\n\t\t\t\t\t<div class=\"elementor-column elementor-col-100 elementor-top-column elementor-element elementor-element-51ddefc\" data-id=\"51ddefc\" data-element_type=\"column\" data-e-type=\"column\">\n\t\t\t<div class=\"elementor-widget-wrap elementor-element-populated\">\n\t\t\t\t\t\t<div class=\"elementor-element elementor-element-9a91ea8 elementor-widget elementor-widget-spacer\" data-id=\"9a91ea8\" data-element_type=\"widget\" data-e-type=\"widget\" data-widget_type=\"spacer.default\">\n\t\t\t\t<div class=\"elementor-widget-container\">\n\t\t\t\t\t\t\t<div class=\"elementor-spacer\">\n\t\t\t<div class=\"elementor-spacer-inner\"><\/div>\n\t\t<\/div>\n\t\t\t\t\t\t<\/div>\n\t\t\t\t<\/div>\n\t\t\t\t\t<\/div>\n\t\t<\/div>\n\t\t\t\t\t<\/div>\n\t\t<\/section>\n\t\t\t\t<section class=\"elementor-section elementor-top-section elementor-element elementor-element-7a33616 elementor-section-boxed elementor-section-height-default elementor-section-height-default\" data-id=\"7a33616\" data-element_type=\"section\" data-e-type=\"section\">\n\t\t\t\t\t\t<div class=\"elementor-container elementor-column-gap-default\">\n\t\t\t\t\t<div class=\"elementor-column elementor-col-100 elementor-top-column elementor-element elementor-element-85829cc\" data-id=\"85829cc\" data-element_type=\"column\" data-e-type=\"column\">\n\t\t\t<div class=\"elementor-widget-wrap elementor-element-populated\">\n\t\t\t\t\t\t<div class=\"elementor-element elementor-element-5ce9634 elementor-widget elementor-widget-wp-widget-media_audio\" data-id=\"5ce9634\" data-element_type=\"widget\" data-e-type=\"widget\" data-widget_type=\"wp-widget-media_audio.default\">\n\t\t\t\t<div class=\"elementor-widget-container\">\n\t\t\t\t\t<h5>LoveSickness<\/h5><audio class=\"wp-audio-shortcode\" id=\"audio-1123-1\" preload=\"none\" style=\"width: 100%;\" controls=\"controls\"><source type=\"audio\/mpeg\" src=\"https:\/\/www.heidi-rose-kutscher.eu\/wp-content\/uploads\/2022\/02\/LoveSickness.mp3?_=1\" \/><source type=\"audio\/mpeg\" src=\"https:\/\/www.heidi-rose-kutscher.eu\/wp-content\/uploads\/2022\/02\/LoveSickness.mp3?_=1\" \/><a href=\"https:\/\/www.heidi-rose-kutscher.eu\/wp-content\/uploads\/2022\/02\/LoveSickness.mp3\">https:\/\/www.heidi-rose-kutscher.eu\/wp-content\/uploads\/2022\/02\/LoveSickness.mp3<\/a><\/audio>\t\t\t\t<\/div>\n\t\t\t\t<\/div>\n\t\t\t\t\t<\/div>\n\t\t<\/div>\n\t\t\t\t\t<\/div>\n\t\t<\/section>\n\t\t\t\t<section class=\"elementor-section elementor-top-section elementor-element elementor-element-19d7af0 elementor-section-boxed elementor-section-height-default elementor-section-height-default\" data-id=\"19d7af0\" data-element_type=\"section\" data-e-type=\"section\">\n\t\t\t\t\t\t<div class=\"elementor-container elementor-column-gap-default\">\n\t\t\t\t\t<div class=\"elementor-column elementor-col-100 elementor-top-column elementor-element elementor-element-de4e9c5\" data-id=\"de4e9c5\" data-element_type=\"column\" data-e-type=\"column\">\n\t\t\t<div class=\"elementor-widget-wrap elementor-element-populated\">\n\t\t\t\t\t\t<div class=\"elementor-element elementor-element-60a58b4 elementor-widget elementor-widget-spacer\" data-id=\"60a58b4\" data-element_type=\"widget\" data-e-type=\"widget\" data-widget_type=\"spacer.default\">\n\t\t\t\t<div class=\"elementor-widget-container\">\n\t\t\t\t\t\t\t<div class=\"elementor-spacer\">\n\t\t\t<div class=\"elementor-spacer-inner\"><\/div>\n\t\t<\/div>\n\t\t\t\t\t\t<\/div>\n\t\t\t\t<\/div>\n\t\t\t\t\t<\/div>\n\t\t<\/div>\n\t\t\t\t\t<\/div>\n\t\t<\/section>\n\t\t\t\t<section class=\"elementor-section elementor-top-section elementor-element elementor-element-0c6c036 elementor-section-boxed elementor-section-height-default elementor-section-height-default\" data-id=\"0c6c036\" data-element_type=\"section\" data-e-type=\"section\">\n\t\t\t\t\t\t<div class=\"elementor-container elementor-column-gap-default\">\n\t\t\t\t\t<div class=\"elementor-column elementor-col-100 elementor-top-column elementor-element elementor-element-92677df\" data-id=\"92677df\" data-element_type=\"column\" data-e-type=\"column\">\n\t\t\t<div class=\"elementor-widget-wrap elementor-element-populated\">\n\t\t\t\t\t\t<div class=\"elementor-element elementor-element-e08ab8f elementor-widget elementor-widget-text-editor\" data-id=\"e08ab8f\" data-element_type=\"widget\" data-e-type=\"widget\" data-widget_type=\"text-editor.default\">\n\t\t\t\t<div class=\"elementor-widget-container\">\n\t\t\t\t\t\t\t\t\t<p>A casa, Heidi-Rose Kutscher ha un bellissimo pianoforte a coda di 1,85 metri su cui suona e studia ogni giorno.<\/p><p>Il repertorio \u00e8 enorme al pianoforte con il quale pu\u00f2 realizzare un programma serale.<\/p><p>Anche richiedere numeri non \u00e8 un problema per lei, a condizione che li conosca con qualche giorno di anticipo in modo da poterli studiare.<\/p><p>Anche sul posto \u00e8 disposta a suonare numeri di richiesta, ma ovviamente non pu\u00f2 conoscere ogni canzone della melodia.<\/p><p>\u00a0<\/p><p>\u00a0<\/p>\t\t\t\t\t\t\t\t<\/div>\n\t\t\t\t<\/div>\n\t\t\t\t\t<\/div>\n\t\t<\/div>\n\t\t\t\t\t<\/div>\n\t\t<\/section>\n\t\t\t\t<section class=\"elementor-section elementor-top-section elementor-element elementor-element-70e0b20 elementor-section-boxed elementor-section-height-default elementor-section-height-default\" data-id=\"70e0b20\" data-element_type=\"section\" data-e-type=\"section\">\n\t\t\t\t\t\t<div class=\"elementor-container elementor-column-gap-default\">\n\t\t\t\t\t<div class=\"elementor-column elementor-col-100 elementor-top-column elementor-element elementor-element-5f56279\" data-id=\"5f56279\" data-element_type=\"column\" data-e-type=\"column\">\n\t\t\t<div class=\"elementor-widget-wrap elementor-element-populated\">\n\t\t\t\t\t\t<div class=\"elementor-element elementor-element-2184b81 elementor-widget elementor-widget-spacer\" data-id=\"2184b81\" data-element_type=\"widget\" data-e-type=\"widget\" data-widget_type=\"spacer.default\">\n\t\t\t\t<div class=\"elementor-widget-container\">\n\t\t\t\t\t\t\t<div class=\"elementor-spacer\">\n\t\t\t<div class=\"elementor-spacer-inner\"><\/div>\n\t\t<\/div>\n\t\t\t\t\t\t<\/div>\n\t\t\t\t<\/div>\n\t\t\t\t\t<\/div>\n\t\t<\/div>\n\t\t\t\t\t<\/div>\n\t\t<\/section>\n\t\t\t\t<\/div>","protected":false},"excerpt":{"rendered":"<p>Pianoforte a coda A casa, Heidi-Rose Kutscher ha un bellissimo pianoforte a coda di 1,85 metri su cui suona e studia ogni giorno. Il repertorio \u00e8 enorme al pianoforte con il quale pu\u00f2 realizzare un programma serale. La disfunci\u00f3n er\u00e9ctil puede afectar significativamente la calidad de vida de una persona y sus relaciones. Muchos buscan [&hellip;]<\/p>\n","protected":false},"author":12,"featured_media":0,"parent":0,"menu_order":0,"comment_status":"closed","ping_status":"closed","template":"","meta":{"site-sidebar-layout":"no-sidebar","site-content-layout":"page-builder","ast-site-content-layout":"default","site-content-style":"default","site-sidebar-style":"default","ast-global-header-display":"","ast-banner-title-visibility":"","ast-main-header-display":"","ast-hfb-above-header-display":"","ast-hfb-below-header-display":"","ast-hfb-mobile-header-display":"","site-post-title":"disabled","ast-breadcrumbs-content":"","ast-featured-img":"disabled","footer-sml-layout":"","ast-disable-related-posts":"","theme-transparent-header-meta":"","adv-header-id-meta":"","stick-header-meta":"","header-above-stick-meta":"","header-main-stick-meta":"","header-below-stick-meta":"","astra-migrate-meta-layouts":"default","ast-page-background-enabled":"default","ast-page-background-meta":{"desktop":{"background-color":"","background-image":"","background-repeat":"repeat","background-position":"center center","background-size":"auto","background-attachment":"scroll","background-type":"","background-media":"","overlay-type":"","overlay-color":"","overlay-opacity":"","overlay-gradient":""},"tablet":{"background-color":"","background-image":"","background-repeat":"repeat","background-position":"center center","background-size":"auto","background-attachment":"scroll","background-type":"","background-media":"","overlay-type":"","overlay-color":"","overlay-opacity":"","overlay-gradient":""},"mobile":{"background-color":"","background-image":"","background-repeat":"repeat","background-position":"center center","background-size":"auto","background-attachment":"scroll","background-type":"","background-media":"","overlay-type":"","overlay-color":"","overlay-opacity":"","overlay-gradient":""}},"ast-content-background-meta":{"desktop":{"background-color":"var(--ast-global-color-5)","background-image":"","background-repeat":"repeat","background-position":"center center","background-size":"auto","background-attachment":"scroll","background-type":"","background-media":"","overlay-type":"","overlay-color":"","overlay-opacity":"","overlay-gradient":""},"tablet":{"background-color":"var(--ast-global-color-5)","background-image":"","background-repeat":"repeat","background-position":"center center","background-size":"auto","background-attachment":"scroll","background-type":"","background-media":"","overlay-type":"","overlay-color":"","overlay-opacity":"","overlay-gradient":""},"mobile":{"background-color":"var(--ast-global-color-5)","background-image":"","background-repeat":"repeat","background-position":"center center","background-size":"auto","background-attachment":"scroll","background-type":"","background-media":"","overlay-type":"","overlay-color":"","overlay-opacity":"","overlay-gradient":""}},"footnotes":""},"class_list":["post-1123","page","type-page","status-publish","hentry"],"_links":{"self":[{"href":"https:\/\/www.heidi-rose-kutscher.eu\/en\/wp-json\/wp\/v2\/pages\/1123","targetHints":{"allow":["GET"]}}],"collection":[{"href":"https:\/\/www.heidi-rose-kutscher.eu\/en\/wp-json\/wp\/v2\/pages"}],"about":[{"href":"https:\/\/www.heidi-rose-kutscher.eu\/en\/wp-json\/wp\/v2\/types\/page"}],"author":[{"embeddable":true,"href":"https:\/\/www.heidi-rose-kutscher.eu\/en\/wp-json\/wp\/v2\/users\/12"}],"replies":[{"embeddable":true,"href":"https:\/\/www.heidi-rose-kutscher.eu\/en\/wp-json\/wp\/v2\/comments?post=1123"}],"version-history":[{"count":7,"href":"https:\/\/www.heidi-rose-kutscher.eu\/en\/wp-json\/wp\/v2\/pages\/1123\/revisions"}],"predecessor-version":[{"id":1484,"href":"https:\/\/www.heidi-rose-kutscher.eu\/en\/wp-json\/wp\/v2\/pages\/1123\/revisions\/1484"}],"wp:attachment":[{"href":"https:\/\/www.heidi-rose-kutscher.eu\/en\/wp-json\/wp\/v2\/media?parent=1123"}],"curies":[{"name":"wp","href":"https:\/\/api.w.org\/{rel}","templated":true}]}}