{"id":1178,"date":"2022-02-03T11:10:50","date_gmt":"2022-02-03T10:10:50","guid":{"rendered":"https:\/\/www.heidi-rose-kutscher.eu\/?page_id=1178"},"modified":"2022-02-08T10:29:30","modified_gmt":"2022-02-08T09:29:30","slug":"levensverhaal-frans","status":"publish","type":"page","link":"https:\/\/www.heidi-rose-kutscher.eu\/en\/levensverhaal-frans\/","title":{"rendered":"Levensverhaal Frans"},"content":{"rendered":"<div data-elementor-type=\"wp-page\" data-elementor-id=\"1178\" class=\"elementor elementor-1178\">\n\t\t\t\t\t\t<section class=\"elementor-section elementor-top-section elementor-element elementor-element-6de85b3 elementor-section-boxed elementor-section-height-default elementor-section-height-default\" data-id=\"6de85b3\" data-element_type=\"section\" data-e-type=\"section\">\n\t\t\t\t\t\t<div class=\"elementor-container elementor-column-gap-default\">\n\t\t\t\t\t<div class=\"elementor-column elementor-col-100 elementor-top-column elementor-element elementor-element-38ceddd\" data-id=\"38ceddd\" data-element_type=\"column\" data-e-type=\"column\">\n\t\t\t<div class=\"elementor-widget-wrap elementor-element-populated\">\n\t\t\t\t\t\t<div class=\"elementor-element elementor-element-298910f elementor-widget elementor-widget-image\" data-id=\"298910f\" data-element_type=\"widget\" data-e-type=\"widget\" data-widget_type=\"image.default\">\n\t\t\t\t<div class=\"elementor-widget-container\">\n\t\t\t\t\t\t\t\t\t\t\t\t\t\t\t<img fetchpriority=\"high\" decoding=\"async\" width=\"768\" height=\"576\" src=\"https:\/\/www.heidi-rose-kutscher.eu\/wp-content\/uploads\/2022\/02\/Accordeon-768x576.jpg\" class=\"attachment-medium_large size-medium_large wp-image-995\" alt=\"\" srcset=\"https:\/\/www.heidi-rose-kutscher.eu\/wp-content\/uploads\/2022\/02\/Accordeon-768x576.jpg 768w, https:\/\/www.heidi-rose-kutscher.eu\/wp-content\/uploads\/2022\/02\/Accordeon-300x225.jpg 300w, https:\/\/www.heidi-rose-kutscher.eu\/wp-content\/uploads\/2022\/02\/Accordeon-16x12.jpg 16w, https:\/\/www.heidi-rose-kutscher.eu\/wp-content\/uploads\/2022\/02\/Accordeon.jpg 800w\" sizes=\"(max-width: 768px) 100vw, 768px\" \/>\t\t\t\t\t\t\t\t\t\t\t\t\t\t\t<\/div>\n\t\t\t\t<\/div>\n\t\t\t\t\t<\/div>\n\t\t<\/div>\n\t\t\t\t\t<\/div>\n\t\t<\/section>\n\t\t\t\t<section class=\"elementor-section elementor-top-section elementor-element elementor-element-0bbb847 elementor-section-boxed elementor-section-height-default elementor-section-height-default\" data-id=\"0bbb847\" data-element_type=\"section\" data-e-type=\"section\">\n\t\t\t\t\t\t<div class=\"elementor-container elementor-column-gap-default\">\n\t\t\t\t\t<div class=\"elementor-column elementor-col-100 elementor-top-column elementor-element elementor-element-1001110\" data-id=\"1001110\" data-element_type=\"column\" data-e-type=\"column\">\n\t\t\t<div class=\"elementor-widget-wrap elementor-element-populated\">\n\t\t\t\t\t\t<div class=\"elementor-element elementor-element-916cad1 elementor-widget elementor-widget-spacer\" data-id=\"916cad1\" data-element_type=\"widget\" data-e-type=\"widget\" data-widget_type=\"spacer.default\">\n\t\t\t\t<div class=\"elementor-widget-container\">\n\t\t\t\t\t\t\t<div class=\"elementor-spacer\">\n\t\t\t<div class=\"elementor-spacer-inner\"><\/div>\n\t\t<\/div>\n\t\t\t\t\t\t<\/div>\n\t\t\t\t<\/div>\n\t\t\t\t\t<\/div>\n\t\t<\/div>\n\t\t\t\t\t<\/div>\n\t\t<\/section>\n\t\t\t\t<section class=\"elementor-section elementor-top-section elementor-element elementor-element-8423a80 elementor-section-boxed elementor-section-height-default elementor-section-height-default\" data-id=\"8423a80\" data-element_type=\"section\" data-e-type=\"section\">\n\t\t\t\t\t\t<div class=\"elementor-container elementor-column-gap-default\">\n\t\t\t\t\t<div class=\"elementor-column elementor-col-100 elementor-top-column elementor-element elementor-element-f5037dc\" data-id=\"f5037dc\" data-element_type=\"column\" data-e-type=\"column\">\n\t\t\t<div class=\"elementor-widget-wrap elementor-element-populated\">\n\t\t\t\t\t\t<div class=\"elementor-element elementor-element-90cebdc elementor-widget elementor-widget-heading\" data-id=\"90cebdc\" data-element_type=\"widget\" data-e-type=\"widget\" data-widget_type=\"heading.default\">\n\t\t\t\t<div class=\"elementor-widget-container\">\n\t\t\t\t\t<h2 class=\"elementor-heading-title elementor-size-default\">Histoire de la vie musicale<\/h2>\t\t\t\t<\/div>\n\t\t\t\t<\/div>\n\t\t\t\t\t<\/div>\n\t\t<\/div>\n\t\t\t\t\t<\/div>\n\t\t<\/section>\n\t\t\t\t<section class=\"elementor-section elementor-top-section elementor-element elementor-element-9602f7e elementor-section-boxed elementor-section-height-default elementor-section-height-default\" data-id=\"9602f7e\" data-element_type=\"section\" data-e-type=\"section\">\n\t\t\t\t\t\t<div class=\"elementor-container elementor-column-gap-default\">\n\t\t\t\t\t<div class=\"elementor-column elementor-col-100 elementor-top-column elementor-element elementor-element-f6ed5be\" data-id=\"f6ed5be\" data-element_type=\"column\" data-e-type=\"column\">\n\t\t\t<div class=\"elementor-widget-wrap elementor-element-populated\">\n\t\t\t\t\t\t<div class=\"elementor-element elementor-element-9dcef3f elementor-widget elementor-widget-spacer\" data-id=\"9dcef3f\" data-element_type=\"widget\" data-e-type=\"widget\" data-widget_type=\"spacer.default\">\n\t\t\t\t<div class=\"elementor-widget-container\">\n\t\t\t\t\t\t\t<div class=\"elementor-spacer\">\n\t\t\t<div class=\"elementor-spacer-inner\"><\/div>\n\t\t<\/div>\n\t\t\t\t\t\t<\/div>\n\t\t\t\t<\/div>\n\t\t\t\t\t<\/div>\n\t\t<\/div>\n\t\t\t\t\t<\/div>\n\t\t<\/section>\n\t\t\t\t<section class=\"elementor-section elementor-top-section elementor-element elementor-element-8d4cd5c elementor-section-boxed elementor-section-height-default elementor-section-height-default\" data-id=\"8d4cd5c\" data-element_type=\"section\" data-e-type=\"section\">\n\t\t\t\t\t\t<div class=\"elementor-container elementor-column-gap-default\">\n\t\t\t\t\t<div class=\"elementor-column elementor-col-100 elementor-top-column elementor-element elementor-element-16ed860\" data-id=\"16ed860\" data-element_type=\"column\" data-e-type=\"column\">\n\t\t\t<div class=\"elementor-widget-wrap elementor-element-populated\">\n\t\t\t\t\t\t<div class=\"elementor-element elementor-element-4b714ba elementor-widget elementor-widget-text-editor\" data-id=\"4b714ba\" data-element_type=\"widget\" data-e-type=\"widget\" data-widget_type=\"text-editor.default\">\n\t\t\t\t<div class=\"elementor-widget-container\">\n\t\t\t\t\t\t\t\t\t<p>Le tout premier accord\u00e9on \u00e9tait un accord\u00e9on jouet qui a tout d\u00e9clench\u00e9.<\/p>\n<p>Celui-ci, comme vous pouvez le voir, est toujours en sa possession.<\/p><p><span style=\"font-style: inherit; font-weight: inherit; color: var(--ast-global-color-3);\">\u00c0 l&#8217;\u00e2ge de 5 ans, elle re\u00e7oit ses premiers cours de piano dans son village natal de Gemert dans le Brabant du Nord.<\/span><\/p>\n<p><\/p>\n<p>Cependant, elle voulait \u00e9tudier l&#8217;accord\u00e9on elle-m\u00eame, apr\u00e8s tout, c&#8217;\u00e9tait son instrument avec John Woodhouse comme idole.<\/p>\n<p><\/p>\n<p>Le jour de son 8e anniversaire, elle a finalement obtenu un accord\u00e9on \u00e0 80 basses avec lequel elle aurait son premier cours peu plus tard.<\/p>\n<p><\/p>\n<p>En raison de probl\u00e8mes financiers dans la famille, elle a d\u00fb quitter les cours \u00e0 l&#8217;\u00e2ge de 11 ans.<\/p>\n<p><\/p>\n<p>Apr\u00e8s cela, elle n&#8217;a plus jamais pris de cours d&#8217;accord\u00e9on au clavier, mais elle a continu\u00e9 \u00e0 jouer de l&#8217;accord\u00e9on.<\/p>\n<p><\/p>\n<p>Son tour \u00e0 un autre instrument \u00e9tait dans sa 14e ann\u00e9e lorsque sa m\u00e8re a achet\u00e9 un orgue.<\/p>\n<p><\/p>\n<p>En raison de maladie, sa m\u00e8re ne pouvait plus suivre les cours et Heidi-Rose a pris des cours \u00e0 sa place.<\/p>\n<p><\/p>\n<p>En raison des le\u00e7ons d&#8217;accord\u00e9on et de l&#8217;auto-apprentissage des livres de sa m\u00e8re, elle \u00e9tait d\u00e9j\u00e0 tr\u00e8s en avance sur les autres \u00e9l\u00e8ves du groupe et elle \u00e9tait toujours refus\u00e9e de suivre les cours de sa m\u00e8re.<\/p>\n<p><\/p>\n<p>L&#8217;une des derni\u00e8res chansons de ces manuels \u00e9tait Ave Maria, qu&#8217;elle avait apprise elle-m\u00eame peu de temps apr\u00e8s et a pu jouer par c\u0153ur au bout d&#8217;un moment.<\/p>\n<p><\/p>\n<p>En raison de ce nombre, elle a \u00e9t\u00e9 invit\u00e9e \u00e0 devenir organiste permanente de l&#8217;\u00e9glise de la paroisse Saint-Jozef de Gemert \u00e0 l&#8217;\u00e2ge de 21 ans, ce qu&#8217;elle a imm\u00e9diatement accept\u00e9. En cons\u00e9quence, elle ne pouvait pas beaucoup plus tard finalement payer elle-m\u00eame ses premiers vrais cours d&#8217;orgue. Cela a pris fin un mois et demi avant la naissance de son a\u00een\u00e9 en octobre 1988. \u00c0 partir de ce moment, elle est rest\u00e9e une r\u00e9serve jusqu&#8217;\u00e0 ce qu&#8217;elle \u00e9migre en Belgique \u00e0 la fin de 1990 et doive dire au revoir \u00e0 sa paroisse.<\/p>\n<p><\/p>\n<p>En Belgique, elle a continu\u00e9 \u00e0 faire de la musique sur son accord\u00e9on ainsi que sur l&#8217;orgue et, peu de temps apr\u00e8s, elle est devenue membre d&#8217;une association d&#8217;accord\u00e9on \u00e0 Neeroeteren. \u00c0 ce moment-l\u00e0, elle est pass\u00e9e du clavier \u00e0 l&#8217;accord\u00e9on \u00e0 boutons en m\u00eame temps.<\/p>\n<p><\/p>\n<p>Gr\u00e2ce \u00e0 ses enfants, elle avait repris ses \u00e9tudes d&#8217;orgue d&#8217;\u00e9glise et pris des cours \u00e0 l&#8217;acad\u00e9mie de musique et malgr\u00e9 les ann\u00e9es difficiles, le divorce et les enfants qui lui avaient \u00e9t\u00e9 enlev\u00e9s par son ex, elle a continu\u00e9 \u00e0 \u00e9tudier l&#8217;orgue jusqu&#8217;\u00e0 et y compris de haut niveau 2 Instrument.<\/p>\n<p><\/p>\n<p>Elle n&#8217;a pas \u00e9t\u00e9 autoris\u00e9e \u00e0 terminer l&#8217;examen final pour l&#8217;instrument de haut niveau 3 en raison de sa blessure \u00e0 la cheville, mais elle a r\u00e9ussi l&#8217;interaction de haut niveau 3. Le jeu d&#8217;ensemble est un niveau l\u00e9g\u00e8rement inf\u00e9rieur \u00e0 celui d&#8217;Instrument, ce qui signifiait qu&#8217;elle devait moins se forcer la cheville.<\/p>\n<p><\/p>\n<p>Au cours de l&#8217;un des accord\u00e9ons, elle est entr\u00e9e en contact avec le steirische harmonika.<\/p>\n<p><\/p>\n<p>Heidi-Rose voulait aussi essayer cet instrument, mais elle en a fait une \u00e9tude suppl\u00e9mentaire, de sorte qu&#8217;elle est actuellement meilleure sur son steirische harmonika que sur son accord\u00e9on.<\/p>\n<p><\/p>\n<p>Mais cela va bient\u00f4t changer \u00e0 nouveau en raison de l&#8217;arriv\u00e9e d&#8217;un nouvel accord\u00e9on qu&#8217;elle a re\u00e7u d\u00e9but juin 2020, avec lequel elle r\u00e9p\u00e8te actuellement la chanson Nola de Felix Arndt.<\/p>\n<p><\/p>\n<p>En juillet 2014, elle a commenc\u00e9 avec son steirische harmonika en tant que musicienne de rue r\u00e9guli\u00e8re \u00e0 Maaseik o\u00f9 elle pouvait \u00eatre entendue tous les mercredis matin.<\/p>\n<p><\/p>\n<p>Parce qu&#8217;elle ne pouvait plus faire face \u00e0 la mont\u00e9e \u00e0 l&#8217;orgue de l&#8217;\u00e9glise en raison de la blessure permanente \u00e0 la cheville, elle a commenc\u00e9 \u00e0 jouer du piano 7 ans plus tard pour \u00eatre admise au Conservatoire municipal de Hasselt apr\u00e8s 2 ans, o\u00f9 elle a \u00e9t\u00e9 promue \u00e0 pianiste et compositeur.<\/p>\n<p><\/p>\n<p>Pendant ses \u00e9tudes de piano au conservatoire, elle s&#8217;\u00e9tait d&#8217;abord temporairement arr\u00eat\u00e9e pendant les mois d&#8217;hiver, puis avait dit adieu \u00e0 ses activit\u00e9s de rue pour de bon le 4 septembre 2019.<\/p>\n<p><\/p>\n<p>En raison du d\u00e9part soudain de son professeur du conservatoire en septembre 2020, elle s&#8217;est soudainement retrouv\u00e9e sans professeur alors qu&#8217;elle allait y obtenir son dipl\u00f4me cette ann\u00e9e-l\u00e0. A cause d&#8217;un courriel du conservatoire dans lequel ils \u00e9crivaient qu&#8217;ils cherchaient un nouveau professeur mais qu&#8217;il \u00e9tait tr\u00e8s difficile de trouver un rempla\u00e7ant \u00e9quivalent, elle a d\u00e9cid\u00e9 de s&#8217;en prendre \u00e0 son professeur.<\/p>\n<p>En cons\u00e9quence, elle a \u00e9galement quitt\u00e9 le conservatoire et continue de prendre des cours avec son propre professeur, \u00e0 l&#8217;acad\u00e9mie de musique de Neerpelt.<\/p>\n<p><\/p>\n<p>Ils entretiennent depuis le d\u00e9but une relation enseignant-\u00e9l\u00e8ve tr\u00e8s unique.<\/p>\n<p>Heidi-Rose est devenue compositrice gr\u00e2ce \u00e0 lui.<\/p>\n<p><\/p>\n<p>Elle a \u00e9galement continu\u00e9 \u00e0 jouer de son steirische harmonika, avec lequel une vid\u00e9o a \u00e9t\u00e9 mise en ligne le 29 avril 2021 dans laquelle elle peut \u00eatre vue et entendue avec le grand chanteur bien connu, King of the Dutch life song, Jacques Herb. Cette vid\u00e9o est visible sur la cha\u00eene YouTube de Jacques Herb. Lien:&nbsp;<a href=\"https:\/\/youtu.be\/01JYdimbYD8\">https:\/\/youtu.be\/01JYdimbYD8<\/a><\/p>\n<p><\/p>\n<p>Les 8 et 17 mai 2021, Heidi-Rose a pass\u00e9 ses examens finaux dans lesquels elle a interpr\u00e9t\u00e9 Combatter\u00f2 per te (une composition qui lui est propre) et Liebestraum nr 3 de Franz Liszt.<\/p>\n<p><\/p>\n<p>Elle a r\u00e9ussi son examen avec brio (+90%) afin de pouvoir poursuivre ses \u00e9tudes en ann\u00e9e de sp\u00e9cialisation.<\/p>\n<p><\/p>\n<p>Entre les deux, Heidi-Rose a \u00e9galement \u00e9tudi\u00e9 la guitare, la mandoline, la cithare, le hackbrett et la harpe.<\/p>\n<p><\/p>\n<p>Si vous croisez Heidi-Rose quelque part sur une terrasse, n&#8217;h\u00e9sitez pas \u00e0 lui demander, elle est toujours pr\u00eate \u00e0 jouer quelques chansons car son steirische harmonika ne sera jamais loin d&#8217;elle.<\/p>\n<p><\/p>\t\t\t\t\t\t\t\t<\/div>\n\t\t\t\t<\/div>\n\t\t\t\t\t<\/div>\n\t\t<\/div>\n\t\t\t\t\t<\/div>\n\t\t<\/section>\n\t\t\t\t<section class=\"elementor-section elementor-top-section elementor-element elementor-element-9364eb9 elementor-section-boxed elementor-section-height-default elementor-section-height-default\" data-id=\"9364eb9\" data-element_type=\"section\" data-e-type=\"section\">\n\t\t\t\t\t\t<div class=\"elementor-container elementor-column-gap-default\">\n\t\t\t\t\t<div class=\"elementor-column elementor-col-100 elementor-top-column elementor-element elementor-element-895788a\" data-id=\"895788a\" data-element_type=\"column\" data-e-type=\"column\">\n\t\t\t<div class=\"elementor-widget-wrap elementor-element-populated\">\n\t\t\t\t\t\t<div class=\"elementor-element elementor-element-2efb926 elementor-widget elementor-widget-spacer\" data-id=\"2efb926\" data-element_type=\"widget\" data-e-type=\"widget\" data-widget_type=\"spacer.default\">\n\t\t\t\t<div class=\"elementor-widget-container\">\n\t\t\t\t\t\t\t<div class=\"elementor-spacer\">\n\t\t\t<div class=\"elementor-spacer-inner\"><\/div>\n\t\t<\/div>\n\t\t\t\t\t\t<\/div>\n\t\t\t\t<\/div>\n\t\t\t\t\t<\/div>\n\t\t<\/div>\n\t\t\t\t\t<\/div>\n\t\t<\/section>\n\t\t\t\t<\/div>","protected":false},"excerpt":{"rendered":"<p>Histoire de la vie musicale Le tout premier accord\u00e9on \u00e9tait un accord\u00e9on jouet qui a tout d\u00e9clench\u00e9. Celui-ci, comme vous pouvez le voir, est toujours en sa possession. \u00c0 l&#8217;\u00e2ge de 5 ans, elle re\u00e7oit ses premiers cours de piano dans son village natal de Gemert dans le Brabant du Nord. Cependant, elle voulait \u00e9tudier [&hellip;]<\/p>\n","protected":false},"author":12,"featured_media":0,"parent":0,"menu_order":0,"comment_status":"closed","ping_status":"closed","template":"","meta":{"site-sidebar-layout":"no-sidebar","site-content-layout":"page-builder","ast-site-content-layout":"default","site-content-style":"default","site-sidebar-style":"default","ast-global-header-display":"","ast-banner-title-visibility":"","ast-main-header-display":"","ast-hfb-above-header-display":"","ast-hfb-below-header-display":"","ast-hfb-mobile-header-display":"","site-post-title":"disabled","ast-breadcrumbs-content":"","ast-featured-img":"disabled","footer-sml-layout":"","ast-disable-related-posts":"","theme-transparent-header-meta":"","adv-header-id-meta":"","stick-header-meta":"","header-above-stick-meta":"","header-main-stick-meta":"","header-below-stick-meta":"","astra-migrate-meta-layouts":"default","ast-page-background-enabled":"default","ast-page-background-meta":{"desktop":{"background-color":"","background-image":"","background-repeat":"repeat","background-position":"center center","background-size":"auto","background-attachment":"scroll","background-type":"","background-media":"","overlay-type":"","overlay-color":"","overlay-opacity":"","overlay-gradient":""},"tablet":{"background-color":"","background-image":"","background-repeat":"repeat","background-position":"center center","background-size":"auto","background-attachment":"scroll","background-type":"","background-media":"","overlay-type":"","overlay-color":"","overlay-opacity":"","overlay-gradient":""},"mobile":{"background-color":"","background-image":"","background-repeat":"repeat","background-position":"center center","background-size":"auto","background-attachment":"scroll","background-type":"","background-media":"","overlay-type":"","overlay-color":"","overlay-opacity":"","overlay-gradient":""}},"ast-content-background-meta":{"desktop":{"background-color":"var(--ast-global-color-5)","background-image":"","background-repeat":"repeat","background-position":"center center","background-size":"auto","background-attachment":"scroll","background-type":"","background-media":"","overlay-type":"","overlay-color":"","overlay-opacity":"","overlay-gradient":""},"tablet":{"background-color":"var(--ast-global-color-5)","background-image":"","background-repeat":"repeat","background-position":"center center","background-size":"auto","background-attachment":"scroll","background-type":"","background-media":"","overlay-type":"","overlay-color":"","overlay-opacity":"","overlay-gradient":""},"mobile":{"background-color":"var(--ast-global-color-5)","background-image":"","background-repeat":"repeat","background-position":"center center","background-size":"auto","background-attachment":"scroll","background-type":"","background-media":"","overlay-type":"","overlay-color":"","overlay-opacity":"","overlay-gradient":""}},"footnotes":""},"class_list":["post-1178","page","type-page","status-publish","hentry"],"_links":{"self":[{"href":"https:\/\/www.heidi-rose-kutscher.eu\/en\/wp-json\/wp\/v2\/pages\/1178","targetHints":{"allow":["GET"]}}],"collection":[{"href":"https:\/\/www.heidi-rose-kutscher.eu\/en\/wp-json\/wp\/v2\/pages"}],"about":[{"href":"https:\/\/www.heidi-rose-kutscher.eu\/en\/wp-json\/wp\/v2\/types\/page"}],"author":[{"embeddable":true,"href":"https:\/\/www.heidi-rose-kutscher.eu\/en\/wp-json\/wp\/v2\/users\/12"}],"replies":[{"embeddable":true,"href":"https:\/\/www.heidi-rose-kutscher.eu\/en\/wp-json\/wp\/v2\/comments?post=1178"}],"version-history":[{"count":10,"href":"https:\/\/www.heidi-rose-kutscher.eu\/en\/wp-json\/wp\/v2\/pages\/1178\/revisions"}],"predecessor-version":[{"id":1433,"href":"https:\/\/www.heidi-rose-kutscher.eu\/en\/wp-json\/wp\/v2\/pages\/1178\/revisions\/1433"}],"wp:attachment":[{"href":"https:\/\/www.heidi-rose-kutscher.eu\/en\/wp-json\/wp\/v2\/media?parent=1178"}],"curies":[{"name":"wp","href":"https:\/\/api.w.org\/{rel}","templated":true}]}}