{"id":1259,"date":"2022-02-03T14:28:53","date_gmt":"2022-02-03T13:28:53","guid":{"rendered":"https:\/\/www.heidi-rose-kutscher.eu\/?page_id=1259"},"modified":"2025-04-27T11:22:45","modified_gmt":"2025-04-27T10:22:45","slug":"harmonika-duits","status":"publish","type":"page","link":"https:\/\/www.heidi-rose-kutscher.eu\/fr\/harmonika-duits\/","title":{"rendered":"Harmonika Duits"},"content":{"rendered":"<div data-elementor-type=\"wp-page\" data-elementor-id=\"1259\" class=\"elementor elementor-1259\">\n\t\t\t\t\t\t<section class=\"elementor-section elementor-top-section elementor-element elementor-element-cb46cd0 elementor-section-boxed elementor-section-height-default elementor-section-height-default\" data-id=\"cb46cd0\" data-element_type=\"section\" data-e-type=\"section\">\n\t\t\t\t\t\t<div class=\"elementor-container elementor-column-gap-default\">\n\t\t\t\t\t<div class=\"elementor-column elementor-col-100 elementor-top-column elementor-element elementor-element-e844b9c\" data-id=\"e844b9c\" data-element_type=\"column\" data-e-type=\"column\">\n\t\t\t<div class=\"elementor-widget-wrap elementor-element-populated\">\n\t\t\t\t\t\t<div class=\"elementor-element elementor-element-78bcb2b elementor-widget elementor-widget-image\" data-id=\"78bcb2b\" data-element_type=\"widget\" data-e-type=\"widget\" data-widget_type=\"image.default\">\n\t\t\t\t<div class=\"elementor-widget-container\">\n\t\t\t\t\t\t\t\t\t\t\t\t\t\t\t<img fetchpriority=\"high\" decoding=\"async\" width=\"499\" height=\"499\" src=\"https:\/\/www.heidi-rose-kutscher.eu\/wp-content\/uploads\/2022\/02\/lekkerwijf-heidi.png\" class=\"attachment-medium_large size-medium_large wp-image-1007\" alt=\"\" srcset=\"https:\/\/www.heidi-rose-kutscher.eu\/wp-content\/uploads\/2022\/02\/lekkerwijf-heidi.png 499w, https:\/\/www.heidi-rose-kutscher.eu\/wp-content\/uploads\/2022\/02\/lekkerwijf-heidi-300x300.png 300w, https:\/\/www.heidi-rose-kutscher.eu\/wp-content\/uploads\/2022\/02\/lekkerwijf-heidi-150x150.png 150w, https:\/\/www.heidi-rose-kutscher.eu\/wp-content\/uploads\/2022\/02\/lekkerwijf-heidi-12x12.png 12w\" sizes=\"(max-width: 499px) 100vw, 499px\" \/>\t\t\t\t\t\t\t\t\t\t\t\t\t\t\t<\/div>\n\t\t\t\t<\/div>\n\t\t\t\t\t<\/div>\n\t\t<\/div>\n\t\t\t\t\t<\/div>\n\t\t<\/section>\n\t\t\t\t<section class=\"elementor-section elementor-top-section elementor-element elementor-element-1af66ff elementor-section-boxed elementor-section-height-default elementor-section-height-default\" data-id=\"1af66ff\" data-element_type=\"section\" data-e-type=\"section\">\n\t\t\t\t\t\t<div class=\"elementor-container elementor-column-gap-default\">\n\t\t\t\t\t<div class=\"elementor-column elementor-col-100 elementor-top-column elementor-element elementor-element-a07745a\" data-id=\"a07745a\" data-element_type=\"column\" data-e-type=\"column\">\n\t\t\t<div class=\"elementor-widget-wrap elementor-element-populated\">\n\t\t\t\t\t\t<div class=\"elementor-element elementor-element-da3ec8c elementor-widget elementor-widget-heading\" data-id=\"da3ec8c\" data-element_type=\"widget\" data-e-type=\"widget\" data-widget_type=\"heading.default\">\n\t\t\t\t<div class=\"elementor-widget-container\">\n\t\t\t\t\t<h2 class=\"elementor-heading-title elementor-size-default\">Steirische Harmonika<\/h2>\t\t\t\t<\/div>\n\t\t\t\t<\/div>\n\t\t\t\t\t<\/div>\n\t\t<\/div>\n\t\t\t\t\t<\/div>\n\t\t<\/section>\n\t\t\t\t<section class=\"elementor-section elementor-top-section elementor-element elementor-element-696e782 elementor-section-boxed elementor-section-height-default elementor-section-height-default\" data-id=\"696e782\" data-element_type=\"section\" data-e-type=\"section\">\n\t\t\t\t\t\t<div class=\"elementor-container elementor-column-gap-default\">\n\t\t\t\t\t<div class=\"elementor-column elementor-col-100 elementor-top-column elementor-element elementor-element-ea86c4b\" data-id=\"ea86c4b\" data-element_type=\"column\" data-e-type=\"column\">\n\t\t\t<div class=\"elementor-widget-wrap elementor-element-populated\">\n\t\t\t\t\t\t<div class=\"elementor-element elementor-element-dcf596b elementor-widget elementor-widget-spacer\" data-id=\"dcf596b\" data-element_type=\"widget\" data-e-type=\"widget\" data-widget_type=\"spacer.default\">\n\t\t\t\t<div class=\"elementor-widget-container\">\n\t\t\t\t\t\t\t<div class=\"elementor-spacer\">\n\t\t\t<div class=\"elementor-spacer-inner\"><\/div>\n\t\t<\/div>\n\t\t\t\t\t\t<\/div>\n\t\t\t\t<\/div>\n\t\t\t\t\t<\/div>\n\t\t<\/div>\n\t\t\t\t\t<\/div>\n\t\t<\/section>\n\t\t\t\t<section class=\"elementor-section elementor-top-section elementor-element elementor-element-bc20bd1 elementor-section-boxed elementor-section-height-default elementor-section-height-default\" data-id=\"bc20bd1\" data-element_type=\"section\" data-e-type=\"section\">\n\t\t\t\t\t\t<div class=\"elementor-container elementor-column-gap-default\">\n\t\t\t\t\t<div class=\"elementor-column elementor-col-100 elementor-top-column elementor-element elementor-element-5c58a87\" data-id=\"5c58a87\" data-element_type=\"column\" data-e-type=\"column\">\n\t\t\t<div class=\"elementor-widget-wrap elementor-element-populated\">\n\t\t\t\t\t\t<div class=\"elementor-element elementor-element-d770a66 elementor-widget elementor-widget-wp-widget-media_audio\" data-id=\"d770a66\" data-element_type=\"widget\" data-e-type=\"widget\" data-widget_type=\"wp-widget-media_audio.default\">\n\t\t\t\t<div class=\"elementor-widget-container\">\n\t\t\t\t\t<h5>Die sterne am himmel<\/h5><audio class=\"wp-audio-shortcode\" id=\"audio-1259-1\" preload=\"none\" style=\"width: 100%;\" controls=\"controls\"><source type=\"audio\/mpeg\" src=\"https:\/\/www.heidi-rose-kutscher.eu\/wp-content\/uploads\/2022\/02\/Die-sterne-am-Himmel.mp3?_=1\" \/><source type=\"audio\/mpeg\" src=\"https:\/\/www.heidi-rose-kutscher.eu\/wp-content\/uploads\/2022\/02\/Die-sterne-am-Himmel.mp3?_=1\" \/><a href=\"https:\/\/www.heidi-rose-kutscher.eu\/wp-content\/uploads\/2022\/02\/Die-sterne-am-Himmel.mp3\">https:\/\/www.heidi-rose-kutscher.eu\/wp-content\/uploads\/2022\/02\/Die-sterne-am-Himmel.mp3<\/a><\/audio>\t\t\t\t<\/div>\n\t\t\t\t<\/div>\n\t\t\t\t\t<\/div>\n\t\t<\/div>\n\t\t\t\t\t<\/div>\n\t\t<\/section>\n\t\t\t\t<section class=\"elementor-section elementor-top-section elementor-element elementor-element-34539e5 elementor-section-boxed elementor-section-height-default elementor-section-height-default\" data-id=\"34539e5\" data-element_type=\"section\" data-e-type=\"section\">\n\t\t\t\t\t\t<div class=\"elementor-container elementor-column-gap-default\">\n\t\t\t\t\t<div class=\"elementor-column elementor-col-100 elementor-top-column elementor-element elementor-element-f63a034\" data-id=\"f63a034\" data-element_type=\"column\" data-e-type=\"column\">\n\t\t\t<div class=\"elementor-widget-wrap elementor-element-populated\">\n\t\t\t\t\t\t<div class=\"elementor-element elementor-element-92358ea elementor-widget elementor-widget-spacer\" data-id=\"92358ea\" data-element_type=\"widget\" data-e-type=\"widget\" data-widget_type=\"spacer.default\">\n\t\t\t\t<div class=\"elementor-widget-container\">\n\t\t\t\t\t\t\t<div class=\"elementor-spacer\">\n\t\t\t<div class=\"elementor-spacer-inner\"><\/div>\n\t\t<\/div>\n\t\t\t\t\t\t<\/div>\n\t\t\t\t<\/div>\n\t\t\t\t\t<\/div>\n\t\t<\/div>\n\t\t\t\t\t<\/div>\n\t\t<\/section>\n\t\t\t\t<section class=\"elementor-section elementor-top-section elementor-element elementor-element-d9c8417 elementor-section-boxed elementor-section-height-default elementor-section-height-default\" data-id=\"d9c8417\" data-element_type=\"section\" data-e-type=\"section\">\n\t\t\t\t\t\t<div class=\"elementor-container elementor-column-gap-default\">\n\t\t\t\t\t<div class=\"elementor-column elementor-col-100 elementor-top-column elementor-element elementor-element-25762ad\" data-id=\"25762ad\" data-element_type=\"column\" data-e-type=\"column\">\n\t\t\t<div class=\"elementor-widget-wrap elementor-element-populated\">\n\t\t\t\t\t\t<div class=\"elementor-element elementor-element-8936d2e elementor-widget elementor-widget-text-editor\" data-id=\"8936d2e\" data-element_type=\"widget\" data-e-type=\"widget\" data-widget_type=\"text-editor.default\">\n\t\t\t\t<div class=\"elementor-widget-container\">\n\t\t\t\t\t\t\t\t\t<p>Die steirische harmonika wird oft mit einem Akkordeon verwechselt, w\u00e4hrend dieses Instrument eindeutig kein Akkordeon ist, sondern ein Mitglied der Familie ist, die aus einer Vielzahl verschiedener Instrumente auf der ganzen Welt besteht.<\/p><p>Die von Heidi-Rose gespielte steirische harmonika stammt aus den Alpenl\u00e4ndern und ist ein\u00a0diatonisches\u00a0(= Ton \u00e4ndern) Instrument.<\/p><p>Die B\u00e4sse sind\u00a0Heliconbass\u00a0(Helicon, Erkl\u00e4rung), die einen sehr spezifischen tuba\u00e4hnlichen Klang erzeugen, der sie sofort erkennbar macht.<\/p><p>Diatonisch<\/p><p>Ton \u00e4ndern = ein Begriff, der angibt, dass eine Taste beim Schlie\u00dfen und \u00d6ffnen des Balgs einen anderen Ton spielt.<\/p><p>Dies bedeutet, dass sich unter jeder Taste zwei verschiedene T\u00f6ne befinden.<br \/>Wenn Sie eine Taste gedr\u00fcckt halten, ist bei einem \u00f6ffnenden Balg ein v\u00f6llig anderer Ton zu h\u00f6ren als bei einem schlie\u00dfenden Balg.<\/p><p>\u00a0<\/p><p>Einige Beispiele:<\/p><p>&#8211; dr\u00fccken = C (do) <span style=\"font-family: 'Segoe UI Emoji',sans-serif; mso-bidi-font-family: 'Segoe UI Emoji';\">-&gt;<\/span> ziehen = D (re)<\/p><p>&#8211; dr\u00fccken = E (mi) <span style=\"font-family: 'Segoe UI Emoji',sans-serif; mso-bidi-font-family: 'Segoe UI Emoji';\">-&gt;<\/span> ziehen = F (fa)<\/p><p>Infolgedessen befindet sich die Note G (sol) nicht in der Position, die in einer Notation notiert ist, wie dies normalerweise bei G (sol) der Fall ist.<\/p><p>Deshalb gibt es KEINEN Schl\u00fcssel als Zeichen auf dem Personal.<\/p><p>In der Notation eines steirischen Akkordeons wird das G (sol) anstelle auf einem B (si) notiert.<\/p><p>Die Notenschrift f\u00fcr eine steirische harmonika hei\u00dft offiziell: Griffschrift.<\/p><p>Helicon (Musikinstrument)<\/p><p>(wikipedia)<\/p><p>Das Helicon ist ein Blechblasinstrument aus der Tuba-Familie. Ein Helikon ist eng mit dem Sousaphon verwandt, aber die Tasse zeigt nicht nach vorne und es fehlt die Schwanenhalskonstruktion f\u00fcr das Mundst\u00fcck. Die meisten Instrumente sind in B gestimmt, in geringerem Ma\u00dfe in Es oder F. Wie das Sousaphon wird das Instrument auf der Schulter getragen, wobei der Kopf von den Wicklungen des Instruments gehalten wird.<\/p><p>Die Rolle des Instruments wurde weitgehend vom Sousaphon \u00fcbernommen, ist jedoch in Mittel- und Osteuropa nach wie vor weit verbreitet.<\/p><p>Die steirische harmonika wird im Volksmund auch Wiener oder Steirka genannt.<\/p><p>Heidi-Rose nennt ihr Instrument oft Wiener.<\/p><p>\u00a0<\/p><p>\u00a0<\/p>\t\t\t\t\t\t\t\t<\/div>\n\t\t\t\t<\/div>\n\t\t\t\t\t<\/div>\n\t\t<\/div>\n\t\t\t\t\t<\/div>\n\t\t<\/section>\n\t\t\t\t<section class=\"elementor-section elementor-top-section elementor-element elementor-element-f1d77eb elementor-section-boxed elementor-section-height-default elementor-section-height-default\" data-id=\"f1d77eb\" data-element_type=\"section\" data-e-type=\"section\">\n\t\t\t\t\t\t<div class=\"elementor-container elementor-column-gap-default\">\n\t\t\t\t\t<div class=\"elementor-column elementor-col-100 elementor-top-column elementor-element elementor-element-c71baf7\" data-id=\"c71baf7\" data-element_type=\"column\" data-e-type=\"column\">\n\t\t\t<div class=\"elementor-widget-wrap elementor-element-populated\">\n\t\t\t\t\t\t<div class=\"elementor-element elementor-element-11a2744 elementor-widget elementor-widget-spacer\" data-id=\"11a2744\" data-element_type=\"widget\" data-e-type=\"widget\" data-widget_type=\"spacer.default\">\n\t\t\t\t<div class=\"elementor-widget-container\">\n\t\t\t\t\t\t\t<div class=\"elementor-spacer\">\n\t\t\t<div class=\"elementor-spacer-inner\"><\/div>\n\t\t<\/div>\n\t\t\t\t\t\t<\/div>\n\t\t\t\t<\/div>\n\t\t\t\t\t<\/div>\n\t\t<\/div>\n\t\t\t\t\t<\/div>\n\t\t<\/section>\n\t\t\t\t<\/div>","protected":false},"excerpt":{"rendered":"<p>Steirische Harmonika Die steirische harmonika wird oft mit einem Akkordeon verwechselt, w\u00e4hrend dieses Instrument eindeutig kein Akkordeon ist, sondern ein Mitglied der Familie ist, die aus einer Vielzahl verschiedener Instrumente auf der ganzen Welt besteht. Experiencing challenges in intimate relationships can be disheartening for many men, often leading to feelings of insecurity and frustration. Seeking [&hellip;]<\/p>\n","protected":false},"author":12,"featured_media":0,"parent":0,"menu_order":0,"comment_status":"closed","ping_status":"closed","template":"","meta":{"site-sidebar-layout":"no-sidebar","site-content-layout":"page-builder","ast-site-content-layout":"default","site-content-style":"default","site-sidebar-style":"default","ast-global-header-display":"","ast-banner-title-visibility":"","ast-main-header-display":"","ast-hfb-above-header-display":"","ast-hfb-below-header-display":"","ast-hfb-mobile-header-display":"","site-post-title":"disabled","ast-breadcrumbs-content":"","ast-featured-img":"disabled","footer-sml-layout":"","ast-disable-related-posts":"","theme-transparent-header-meta":"","adv-header-id-meta":"","stick-header-meta":"","header-above-stick-meta":"","header-main-stick-meta":"","header-below-stick-meta":"","astra-migrate-meta-layouts":"default","ast-page-background-enabled":"default","ast-page-background-meta":{"desktop":{"background-color":"","background-image":"","background-repeat":"repeat","background-position":"center center","background-size":"auto","background-attachment":"scroll","background-type":"","background-media":"","overlay-type":"","overlay-color":"","overlay-opacity":"","overlay-gradient":""},"tablet":{"background-color":"","background-image":"","background-repeat":"repeat","background-position":"center center","background-size":"auto","background-attachment":"scroll","background-type":"","background-media":"","overlay-type":"","overlay-color":"","overlay-opacity":"","overlay-gradient":""},"mobile":{"background-color":"","background-image":"","background-repeat":"repeat","background-position":"center center","background-size":"auto","background-attachment":"scroll","background-type":"","background-media":"","overlay-type":"","overlay-color":"","overlay-opacity":"","overlay-gradient":""}},"ast-content-background-meta":{"desktop":{"background-color":"var(--ast-global-color-5)","background-image":"","background-repeat":"repeat","background-position":"center center","background-size":"auto","background-attachment":"scroll","background-type":"","background-media":"","overlay-type":"","overlay-color":"","overlay-opacity":"","overlay-gradient":""},"tablet":{"background-color":"var(--ast-global-color-5)","background-image":"","background-repeat":"repeat","background-position":"center center","background-size":"auto","background-attachment":"scroll","background-type":"","background-media":"","overlay-type":"","overlay-color":"","overlay-opacity":"","overlay-gradient":""},"mobile":{"background-color":"var(--ast-global-color-5)","background-image":"","background-repeat":"repeat","background-position":"center center","background-size":"auto","background-attachment":"scroll","background-type":"","background-media":"","overlay-type":"","overlay-color":"","overlay-opacity":"","overlay-gradient":""}},"footnotes":""},"class_list":["post-1259","page","type-page","status-publish","hentry"],"_links":{"self":[{"href":"https:\/\/www.heidi-rose-kutscher.eu\/fr\/wp-json\/wp\/v2\/pages\/1259","targetHints":{"allow":["GET"]}}],"collection":[{"href":"https:\/\/www.heidi-rose-kutscher.eu\/fr\/wp-json\/wp\/v2\/pages"}],"about":[{"href":"https:\/\/www.heidi-rose-kutscher.eu\/fr\/wp-json\/wp\/v2\/types\/page"}],"author":[{"embeddable":true,"href":"https:\/\/www.heidi-rose-kutscher.eu\/fr\/wp-json\/wp\/v2\/users\/12"}],"replies":[{"embeddable":true,"href":"https:\/\/www.heidi-rose-kutscher.eu\/fr\/wp-json\/wp\/v2\/comments?post=1259"}],"version-history":[{"count":7,"href":"https:\/\/www.heidi-rose-kutscher.eu\/fr\/wp-json\/wp\/v2\/pages\/1259\/revisions"}],"predecessor-version":[{"id":1445,"href":"https:\/\/www.heidi-rose-kutscher.eu\/fr\/wp-json\/wp\/v2\/pages\/1259\/revisions\/1445"}],"wp:attachment":[{"href":"https:\/\/www.heidi-rose-kutscher.eu\/fr\/wp-json\/wp\/v2\/media?parent=1259"}],"curies":[{"name":"wp","href":"https:\/\/api.w.org\/{rel}","templated":true}]}}