{"id":1121,"date":"2022-02-02T16:21:54","date_gmt":"2022-02-02T15:21:54","guid":{"rendered":"https:\/\/www.heidi-rose-kutscher.eu\/?page_id=1121"},"modified":"2022-02-08T10:54:09","modified_gmt":"2022-02-08T09:54:09","slug":"piano-duits","status":"publish","type":"page","link":"https:\/\/www.heidi-rose-kutscher.eu\/it\/piano-duits\/","title":{"rendered":"Piano Duits"},"content":{"rendered":"<div data-elementor-type=\"wp-page\" data-elementor-id=\"1121\" class=\"elementor elementor-1121\">\n\t\t\t\t\t\t<section class=\"elementor-section elementor-top-section elementor-element elementor-element-ea019ef elementor-section-boxed elementor-section-height-default elementor-section-height-default\" data-id=\"ea019ef\" data-element_type=\"section\" data-e-type=\"section\">\n\t\t\t\t\t\t<div class=\"elementor-container elementor-column-gap-default\">\n\t\t\t\t\t<div class=\"elementor-column elementor-col-100 elementor-top-column elementor-element elementor-element-239caae\" data-id=\"239caae\" data-element_type=\"column\" data-e-type=\"column\">\n\t\t\t<div class=\"elementor-widget-wrap elementor-element-populated\">\n\t\t\t\t\t\t<div class=\"elementor-element elementor-element-b37cbcf elementor-widget elementor-widget-image\" data-id=\"b37cbcf\" data-element_type=\"widget\" data-e-type=\"widget\" data-widget_type=\"image.default\">\n\t\t\t\t<div class=\"elementor-widget-container\">\n\t\t\t\t\t\t\t\t\t\t\t\t\t\t\t<img fetchpriority=\"high\" decoding=\"async\" width=\"768\" height=\"432\" src=\"https:\/\/www.heidi-rose-kutscher.eu\/wp-content\/uploads\/2021\/11\/f.eu1_.jwwb_.nl_public_w_d_u_temp-dviqdyxiwbsfmxuethxg_x9y4jq_vleugelpiano-3-768x432.jpg\" class=\"attachment-medium_large size-medium_large wp-image-801\" alt=\"\" srcset=\"https:\/\/www.heidi-rose-kutscher.eu\/wp-content\/uploads\/2021\/11\/f.eu1_.jwwb_.nl_public_w_d_u_temp-dviqdyxiwbsfmxuethxg_x9y4jq_vleugelpiano-3-768x432.jpg 768w, https:\/\/www.heidi-rose-kutscher.eu\/wp-content\/uploads\/2021\/11\/f.eu1_.jwwb_.nl_public_w_d_u_temp-dviqdyxiwbsfmxuethxg_x9y4jq_vleugelpiano-3-300x169.jpg 300w, https:\/\/www.heidi-rose-kutscher.eu\/wp-content\/uploads\/2021\/11\/f.eu1_.jwwb_.nl_public_w_d_u_temp-dviqdyxiwbsfmxuethxg_x9y4jq_vleugelpiano-3-16x9.jpg 16w, https:\/\/www.heidi-rose-kutscher.eu\/wp-content\/uploads\/2021\/11\/f.eu1_.jwwb_.nl_public_w_d_u_temp-dviqdyxiwbsfmxuethxg_x9y4jq_vleugelpiano-3.jpg 800w\" sizes=\"(max-width: 768px) 100vw, 768px\" \/>\t\t\t\t\t\t\t\t\t\t\t\t\t\t\t<\/div>\n\t\t\t\t<\/div>\n\t\t\t\t\t<\/div>\n\t\t<\/div>\n\t\t\t\t\t<\/div>\n\t\t<\/section>\n\t\t\t\t<section class=\"elementor-section elementor-top-section elementor-element elementor-element-f58d370 elementor-section-boxed elementor-section-height-default elementor-section-height-default\" data-id=\"f58d370\" data-element_type=\"section\" data-e-type=\"section\">\n\t\t\t\t\t\t<div class=\"elementor-container elementor-column-gap-default\">\n\t\t\t\t\t<div class=\"elementor-column elementor-col-100 elementor-top-column elementor-element elementor-element-4c81c64\" data-id=\"4c81c64\" data-element_type=\"column\" data-e-type=\"column\">\n\t\t\t<div class=\"elementor-widget-wrap elementor-element-populated\">\n\t\t\t\t\t\t<div class=\"elementor-element elementor-element-f6e8f29 elementor-widget elementor-widget-spacer\" data-id=\"f6e8f29\" data-element_type=\"widget\" data-e-type=\"widget\" data-widget_type=\"spacer.default\">\n\t\t\t\t<div class=\"elementor-widget-container\">\n\t\t\t\t\t\t\t<div class=\"elementor-spacer\">\n\t\t\t<div class=\"elementor-spacer-inner\"><\/div>\n\t\t<\/div>\n\t\t\t\t\t\t<\/div>\n\t\t\t\t<\/div>\n\t\t\t\t\t<\/div>\n\t\t<\/div>\n\t\t\t\t\t<\/div>\n\t\t<\/section>\n\t\t\t\t<section class=\"elementor-section elementor-top-section elementor-element elementor-element-5821a3c elementor-section-boxed elementor-section-height-default elementor-section-height-default\" data-id=\"5821a3c\" data-element_type=\"section\" data-e-type=\"section\">\n\t\t\t\t\t\t<div class=\"elementor-container elementor-column-gap-default\">\n\t\t\t\t\t<div class=\"elementor-column elementor-col-100 elementor-top-column elementor-element elementor-element-167fed7\" data-id=\"167fed7\" data-element_type=\"column\" data-e-type=\"column\">\n\t\t\t<div class=\"elementor-widget-wrap elementor-element-populated\">\n\t\t\t\t\t\t<div class=\"elementor-element elementor-element-19aa92a elementor-widget elementor-widget-heading\" data-id=\"19aa92a\" data-element_type=\"widget\" data-e-type=\"widget\" data-widget_type=\"heading.default\">\n\t\t\t\t<div class=\"elementor-widget-container\">\n\t\t\t\t\t<h2 class=\"elementor-heading-title elementor-size-default\">Konzertfl\u00fcgel<\/h2>\t\t\t\t<\/div>\n\t\t\t\t<\/div>\n\t\t\t\t\t<\/div>\n\t\t<\/div>\n\t\t\t\t\t<\/div>\n\t\t<\/section>\n\t\t\t\t<section class=\"elementor-section elementor-top-section elementor-element elementor-element-4251b69 elementor-section-boxed elementor-section-height-default elementor-section-height-default\" data-id=\"4251b69\" data-element_type=\"section\" data-e-type=\"section\">\n\t\t\t\t\t\t<div class=\"elementor-container elementor-column-gap-default\">\n\t\t\t\t\t<div class=\"elementor-column elementor-col-100 elementor-top-column elementor-element elementor-element-2c5c7ce\" data-id=\"2c5c7ce\" data-element_type=\"column\" data-e-type=\"column\">\n\t\t\t<div class=\"elementor-widget-wrap elementor-element-populated\">\n\t\t\t\t\t\t<div class=\"elementor-element elementor-element-e606571 elementor-widget elementor-widget-spacer\" data-id=\"e606571\" data-element_type=\"widget\" data-e-type=\"widget\" data-widget_type=\"spacer.default\">\n\t\t\t\t<div class=\"elementor-widget-container\">\n\t\t\t\t\t\t\t<div class=\"elementor-spacer\">\n\t\t\t<div class=\"elementor-spacer-inner\"><\/div>\n\t\t<\/div>\n\t\t\t\t\t\t<\/div>\n\t\t\t\t<\/div>\n\t\t\t\t\t<\/div>\n\t\t<\/div>\n\t\t\t\t\t<\/div>\n\t\t<\/section>\n\t\t\t\t<section class=\"elementor-section elementor-top-section elementor-element elementor-element-1ecca1a elementor-section-boxed elementor-section-height-default elementor-section-height-default\" data-id=\"1ecca1a\" data-element_type=\"section\" data-e-type=\"section\">\n\t\t\t\t\t\t<div class=\"elementor-container elementor-column-gap-default\">\n\t\t\t\t\t<div class=\"elementor-column elementor-col-100 elementor-top-column elementor-element elementor-element-63926d3\" data-id=\"63926d3\" data-element_type=\"column\" data-e-type=\"column\">\n\t\t\t<div class=\"elementor-widget-wrap elementor-element-populated\">\n\t\t\t\t\t\t<div class=\"elementor-element elementor-element-edd13d2 elementor-widget elementor-widget-wp-widget-media_audio\" data-id=\"edd13d2\" data-element_type=\"widget\" data-e-type=\"widget\" data-widget_type=\"wp-widget-media_audio.default\">\n\t\t\t\t<div class=\"elementor-widget-container\">\n\t\t\t\t\t<h5>LoveSickness<\/h5><audio class=\"wp-audio-shortcode\" id=\"audio-1121-1\" preload=\"none\" style=\"width: 100%;\" controls=\"controls\"><source type=\"audio\/mpeg\" src=\"https:\/\/www.heidi-rose-kutscher.eu\/wp-content\/uploads\/2022\/02\/LoveSickness.mp3?_=1\" \/><source type=\"audio\/mpeg\" src=\"https:\/\/www.heidi-rose-kutscher.eu\/wp-content\/uploads\/2022\/02\/LoveSickness.mp3?_=1\" \/><a href=\"https:\/\/www.heidi-rose-kutscher.eu\/wp-content\/uploads\/2022\/02\/LoveSickness.mp3\">https:\/\/www.heidi-rose-kutscher.eu\/wp-content\/uploads\/2022\/02\/LoveSickness.mp3<\/a><\/audio>\t\t\t\t<\/div>\n\t\t\t\t<\/div>\n\t\t\t\t\t<\/div>\n\t\t<\/div>\n\t\t\t\t\t<\/div>\n\t\t<\/section>\n\t\t\t\t<section class=\"elementor-section elementor-top-section elementor-element elementor-element-48ff4be elementor-section-boxed elementor-section-height-default elementor-section-height-default\" data-id=\"48ff4be\" data-element_type=\"section\" data-e-type=\"section\">\n\t\t\t\t\t\t<div class=\"elementor-container elementor-column-gap-default\">\n\t\t\t\t\t<div class=\"elementor-column elementor-col-100 elementor-top-column elementor-element elementor-element-d8c47b7\" data-id=\"d8c47b7\" data-element_type=\"column\" data-e-type=\"column\">\n\t\t\t<div class=\"elementor-widget-wrap elementor-element-populated\">\n\t\t\t\t\t\t<div class=\"elementor-element elementor-element-88f9523 elementor-widget elementor-widget-spacer\" data-id=\"88f9523\" data-element_type=\"widget\" data-e-type=\"widget\" data-widget_type=\"spacer.default\">\n\t\t\t\t<div class=\"elementor-widget-container\">\n\t\t\t\t\t\t\t<div class=\"elementor-spacer\">\n\t\t\t<div class=\"elementor-spacer-inner\"><\/div>\n\t\t<\/div>\n\t\t\t\t\t\t<\/div>\n\t\t\t\t<\/div>\n\t\t\t\t\t<\/div>\n\t\t<\/div>\n\t\t\t\t\t<\/div>\n\t\t<\/section>\n\t\t\t\t<section class=\"elementor-section elementor-top-section elementor-element elementor-element-c405032 elementor-section-boxed elementor-section-height-default elementor-section-height-default\" data-id=\"c405032\" data-element_type=\"section\" data-e-type=\"section\">\n\t\t\t\t\t\t<div class=\"elementor-container elementor-column-gap-default\">\n\t\t\t\t\t<div class=\"elementor-column elementor-col-100 elementor-top-column elementor-element elementor-element-647caa5\" data-id=\"647caa5\" data-element_type=\"column\" data-e-type=\"column\">\n\t\t\t<div class=\"elementor-widget-wrap elementor-element-populated\">\n\t\t\t\t\t\t<div class=\"elementor-element elementor-element-94d0246 elementor-widget elementor-widget-text-editor\" data-id=\"94d0246\" data-element_type=\"widget\" data-e-type=\"widget\" data-widget_type=\"text-editor.default\">\n\t\t\t\t<div class=\"elementor-widget-container\">\n\t\t\t\t\t\t\t\t\t<p>Zu Hause hat Heidi-Rose Kutscher einen wundersch\u00f6nen Fl\u00fcgel von 1,85 Metern, den sie jeden Tag spielt und lernt.<\/p><p>Das Repertoire am Klavier ist riesig, mit dem man ein Abendprogramm zusammenstellen kann.<\/p><p>Selbst das Anfordern von Nummern ist f\u00fcr sie kein Problem, solange sie diese einige Tage im Voraus kennt, damit sie sie studieren kann.<\/p><p>\u00a0<\/p><p>Sie ist auch bereit, Anforderungsnummern vor Ort zu spielen, aber es ist klar, dass sie nicht jedes Lied in der Melodie kennt.<\/p>\t\t\t\t\t\t\t\t<\/div>\n\t\t\t\t<\/div>\n\t\t\t\t\t<\/div>\n\t\t<\/div>\n\t\t\t\t\t<\/div>\n\t\t<\/section>\n\t\t\t\t<section class=\"elementor-section elementor-top-section elementor-element elementor-element-e915a03 elementor-section-boxed elementor-section-height-default elementor-section-height-default\" data-id=\"e915a03\" data-element_type=\"section\" data-e-type=\"section\">\n\t\t\t\t\t\t<div class=\"elementor-container elementor-column-gap-default\">\n\t\t\t\t\t<div class=\"elementor-column elementor-col-100 elementor-top-column elementor-element elementor-element-ce5ee56\" data-id=\"ce5ee56\" data-element_type=\"column\" data-e-type=\"column\">\n\t\t\t<div class=\"elementor-widget-wrap elementor-element-populated\">\n\t\t\t\t\t\t<div class=\"elementor-element elementor-element-91ed336 elementor-widget elementor-widget-spacer\" data-id=\"91ed336\" data-element_type=\"widget\" data-e-type=\"widget\" data-widget_type=\"spacer.default\">\n\t\t\t\t<div class=\"elementor-widget-container\">\n\t\t\t\t\t\t\t<div class=\"elementor-spacer\">\n\t\t\t<div class=\"elementor-spacer-inner\"><\/div>\n\t\t<\/div>\n\t\t\t\t\t\t<\/div>\n\t\t\t\t<\/div>\n\t\t\t\t\t<\/div>\n\t\t<\/div>\n\t\t\t\t\t<\/div>\n\t\t<\/section>\n\t\t\t\t<\/div>","protected":false},"excerpt":{"rendered":"<p>Konzertfl\u00fcgel Zu Hause hat Heidi-Rose Kutscher einen wundersch\u00f6nen Fl\u00fcgel von 1,85 Metern, den sie jeden Tag spielt und lernt. Das Repertoire am Klavier ist riesig, mit dem man ein Abendprogramm zusammenstellen kann. Selbst das Anfordern von Nummern ist f\u00fcr sie kein Problem, solange sie diese einige Tage im Voraus kennt, damit sie sie studieren kann. [&hellip;]<\/p>\n","protected":false},"author":12,"featured_media":0,"parent":0,"menu_order":0,"comment_status":"closed","ping_status":"closed","template":"","meta":{"site-sidebar-layout":"no-sidebar","site-content-layout":"page-builder","ast-site-content-layout":"default","site-content-style":"default","site-sidebar-style":"default","ast-global-header-display":"","ast-banner-title-visibility":"","ast-main-header-display":"","ast-hfb-above-header-display":"","ast-hfb-below-header-display":"","ast-hfb-mobile-header-display":"","site-post-title":"disabled","ast-breadcrumbs-content":"","ast-featured-img":"disabled","footer-sml-layout":"","ast-disable-related-posts":"","theme-transparent-header-meta":"","adv-header-id-meta":"","stick-header-meta":"","header-above-stick-meta":"","header-main-stick-meta":"","header-below-stick-meta":"","astra-migrate-meta-layouts":"default","ast-page-background-enabled":"default","ast-page-background-meta":{"desktop":{"background-color":"","background-image":"","background-repeat":"repeat","background-position":"center center","background-size":"auto","background-attachment":"scroll","background-type":"","background-media":"","overlay-type":"","overlay-color":"","overlay-opacity":"","overlay-gradient":""},"tablet":{"background-color":"","background-image":"","background-repeat":"repeat","background-position":"center center","background-size":"auto","background-attachment":"scroll","background-type":"","background-media":"","overlay-type":"","overlay-color":"","overlay-opacity":"","overlay-gradient":""},"mobile":{"background-color":"","background-image":"","background-repeat":"repeat","background-position":"center center","background-size":"auto","background-attachment":"scroll","background-type":"","background-media":"","overlay-type":"","overlay-color":"","overlay-opacity":"","overlay-gradient":""}},"ast-content-background-meta":{"desktop":{"background-color":"var(--ast-global-color-5)","background-image":"","background-repeat":"repeat","background-position":"center center","background-size":"auto","background-attachment":"scroll","background-type":"","background-media":"","overlay-type":"","overlay-color":"","overlay-opacity":"","overlay-gradient":""},"tablet":{"background-color":"var(--ast-global-color-5)","background-image":"","background-repeat":"repeat","background-position":"center center","background-size":"auto","background-attachment":"scroll","background-type":"","background-media":"","overlay-type":"","overlay-color":"","overlay-opacity":"","overlay-gradient":""},"mobile":{"background-color":"var(--ast-global-color-5)","background-image":"","background-repeat":"repeat","background-position":"center center","background-size":"auto","background-attachment":"scroll","background-type":"","background-media":"","overlay-type":"","overlay-color":"","overlay-opacity":"","overlay-gradient":""}},"footnotes":""},"class_list":["post-1121","page","type-page","status-publish","hentry"],"_links":{"self":[{"href":"https:\/\/www.heidi-rose-kutscher.eu\/it\/wp-json\/wp\/v2\/pages\/1121","targetHints":{"allow":["GET"]}}],"collection":[{"href":"https:\/\/www.heidi-rose-kutscher.eu\/it\/wp-json\/wp\/v2\/pages"}],"about":[{"href":"https:\/\/www.heidi-rose-kutscher.eu\/it\/wp-json\/wp\/v2\/types\/page"}],"author":[{"embeddable":true,"href":"https:\/\/www.heidi-rose-kutscher.eu\/it\/wp-json\/wp\/v2\/users\/12"}],"replies":[{"embeddable":true,"href":"https:\/\/www.heidi-rose-kutscher.eu\/it\/wp-json\/wp\/v2\/comments?post=1121"}],"version-history":[{"count":7,"href":"https:\/\/www.heidi-rose-kutscher.eu\/it\/wp-json\/wp\/v2\/pages\/1121\/revisions"}],"predecessor-version":[{"id":1481,"href":"https:\/\/www.heidi-rose-kutscher.eu\/it\/wp-json\/wp\/v2\/pages\/1121\/revisions\/1481"}],"wp:attachment":[{"href":"https:\/\/www.heidi-rose-kutscher.eu\/it\/wp-json\/wp\/v2\/media?parent=1121"}],"curies":[{"name":"wp","href":"https:\/\/api.w.org\/{rel}","templated":true}]}}